{"id":2644,"date":"2019-02-27T10:21:47","date_gmt":"2019-02-27T09:21:47","guid":{"rendered":"https:\/\/www.chambredhotesanglet.com\/?page_id=2644"},"modified":"2019-03-03T20:31:50","modified_gmt":"2019-03-03T19:31:50","slug":"golf-tours-etchebri","status":"publish","type":"page","link":"https:\/\/www.chambredhotesanglet.com\/en\/golf-tours-etchebri\/","title":{"rendered":"Golf Tours Etchebri"},"content":{"rendered":"<p>[vc_row el_class=&#8221;rate-table&#8221; css=&#8221;.vc_custom_1551262358461{margin-top: 50px !important;}&#8221;][vc_column][vc_column_text]<\/p>\n<h2>Golf Tours<\/h2>\n<p>[\/vc_column_text][vc_column_text]\n<table id=\"tablepress-4\" class=\"tablepress tablepress-id-4\">\n<thead>\n<tr class=\"row-1 odd\">\n\t<th class=\"column-1\">&nbsp;<\/th><th class=\"column-2\">Season<\/th><th class=\"column-3\">High season<br \/>\n01\/07 au 31\/08<\/th>\n<\/tr>\n<\/thead>\n<tbody>\n<tr class=\"row-2 even\">\n\t<td class=\"column-1\"><strong>Golf Tour week<\/strong><br \/>\n7 nights \/ 5 days of golf<br \/>\nwith 4 green fees and half a day at Ilbarritz, International training center,<br \/>\n2 dinners, one Backskin massage, and a fitting at GolfPlus, our partner golf shop<\/td><td class=\"column-2\">822 \u20ac<\/td><td class=\"column-3\">1017 \u20ac<\/td>\n<\/tr>\n<tr class=\"row-3 odd\">\n\t<td class=\"column-1\"><strong>Golf Tour Week-end<\/strong><br \/>\n4 nights \/ 4 days of golf <br \/>\nwith 3 green fees and 1 access to Ilbarritz International Training Center, <br \/>\n1 dinner and 1 massage Basckskin<\/td><td class=\"column-2\">582 \u20ac<\/td><td class=\"column-3\">677 \u20ac<\/td>\n<\/tr>\n<tr class=\"row-4 even\">\n\t<td class=\"column-1\"><strong>Your Taylor-made Golf Tour<\/strong><br \/>\nContact us if you have special requirements <\/td><td class=\"column-2\">Contact us<\/td><td class=\"column-3\"><\/td>\n<\/tr>\n<\/tbody>\n<\/table>\n<!-- #tablepress-4 from cache -->[\/vc_column_text][\/vc_column][\/vc_row][vc_row el_class=&#8221;rate-table&#8221;][vc_column][vc_column_text]<\/p>\n<h2>Golf Tours with Instructors<\/h2>\n<p>[\/vc_column_text][vc_column_text]\n<table id=\"tablepress-5\" class=\"tablepress tablepress-id-5\">\n<thead>\n<tr class=\"row-1 odd\">\n\t<th class=\"column-1\">&nbsp;<\/th><th class=\"column-2\">Saison<\/th><th class=\"column-3\">Haute saison<br \/>\n01\/07 au 31\/08<\/th>\n<\/tr>\n<\/thead>\n<tbody>\n<tr class=\"row-2 even\">\n\t<td class=\"column-1\"><strong>Golf Tour week<\/strong><br \/>\n7 nights \/ 5 days of coaching : 4 course with a Pro, <br \/>\nhalf a day at Ilbarritz, International training center,<br \/>\n2 dinners, one Backskin massage, and a fitting at GolfPlus, our partner golf shop<\/td><td class=\"column-2\">1172 \u20ac<\/td><td class=\"column-3\">1367 \u20ac<\/td>\n<\/tr>\n<tr class=\"row-3 odd\">\n\t<td class=\"column-1\"><strong>Golf Tour Week-end<\/strong><br \/>\n4 nights \/ 3 days of coaching : 3 course with a Pro, <br \/>\n1 access to Ilbarritz International Training Center, 1 dinner<\/td><td class=\"column-2\">802 \u20ac<\/td><td class=\"column-3\">897 \u20ac<\/td>\n<\/tr>\n<tr class=\"row-4 even\">\n\t<td class=\"column-1\"><strong>Your Taylor-made Golf Tour<\/strong><br \/>\nContact us if you have special requirements<\/td><td class=\"column-2\">Contact us<\/td><td class=\"column-3\"><\/td>\n<\/tr>\n<tr class=\"row-5 odd\">\n\t<td class=\"column-1\"><p style=\"font-size:10px\">Prices are per person, based on double occupancy, for groups of 3-4 persons<br \/>\nSingle occupancy, or non golfing accompanying, contact us to get a quote<\/p><\/td><td class=\"column-2\">_<\/td><td class=\"column-3\"><\/td>\n<\/tr>\n<tr class=\"row-6 even\">\n\t<td class=\"column-1\"><strong>Package for beginners<\/strong><br \/>\n7 nights \/ 5 days of coaching : 2 hours classes per day,<br \/>\n9 holes with your Pro on the last day,<br \/>\n2 dinners, one Backskin massage, and a fitting at GolfPlus, our partner golf shop<\/td><td class=\"column-2\">942 \u20ac<\/td><td class=\"column-3\">1092 \u20ac<\/td>\n<\/tr>\n<tr class=\"row-7 odd\">\n\t<td class=\"column-1\"><p style=\"font-size:10px\">Prices are per person, based on double occupancy,<br \/>\nSingle occupancy, or non golfing accompanying, contact us to get a quote<\/p><\/td><td class=\"column-2\">_<\/td><td class=\"column-3\"><\/td>\n<\/tr>\n<\/tbody>\n<\/table>\n<!-- #tablepress-5 from cache -->[\/vc_column_text][\/vc_column][\/vc_row][vc_row][vc_column el_class=&#8221;insta-slider&#8221;][vc_widget_sidebar sidebar_id=&#8221;jr-insta-shortcodes&#8221;][\/vc_column][\/vc_row]<\/p>\n","protected":false},"excerpt":{"rendered":"<p>[vc_row el_class=&#8221;rate-table&#8221; css=&#8221;.vc_custom_1551262358461{margin-top: 50px !important;}&#8221;][vc_column][vc_column_text] Golf Tours [\/vc_column_text][vc_column_text][\/vc_column_text][\/vc_column][\/vc_row][vc_row el_class=&#8221;rate-table&#8221;][vc_column][vc_column_text] Golf Tours with Instructors [\/vc_column_text][vc_column_text][\/vc_column_text][\/vc_column][\/vc_row][vc_row][vc_column el_class=&#8221;insta-slider&#8221;][vc_widget_sidebar sidebar_id=&#8221;jr-insta-shortcodes&#8221;][\/vc_column][\/vc_row]<\/p>\n","protected":false},"author":1,"featured_media":0,"parent":0,"menu_order":0,"comment_status":"closed","ping_status":"closed","template":"","meta":{"ngg_post_thumbnail":0,"footnotes":""},"class_list":["post-2644","page","type-page","status-publish","hentry"],"yoast_head":"<!-- This site is optimized with the Yoast SEO plugin v27.3 - https:\/\/yoast.com\/product\/yoast-seo-wordpress\/ -->\n<title>Golf Tours Etchebri | Maison d&#039;h\u00f4tes Anglet ETCHEBRI Pays Basque - Chambre d&#039;h\u00f4tes Chiberta<\/title>\n<meta name=\"robots\" content=\"index, follow, max-snippet:-1, max-image-preview:large, max-video-preview:-1\" \/>\n<link rel=\"canonical\" href=\"https:\/\/www.chambredhotesanglet.com\/golf-tours-etchebri\/\" \/>\n<meta property=\"og:locale\" content=\"en_US\" \/>\n<meta property=\"og:type\" content=\"article\" \/>\n<meta property=\"og:title\" content=\"Golf Tours Etchebri | Maison d&#039;h\u00f4tes Anglet ETCHEBRI Pays Basque - Chambre d&#039;h\u00f4tes Chiberta\" \/>\n<meta property=\"og:description\" content=\"[vc_row el_class=&#8221;rate-table&#8221; css=&#8221;.vc_custom_1551262358461{margin-top: 50px !important;}&#8221;][vc_column][vc_column_text] Golf Tours [\/vc_column_text][vc_column_text][\/vc_column_text][\/vc_column][\/vc_row][vc_row el_class=&#8221;rate-table&#8221;][vc_column][vc_column_text] Golf Tours with Instructors [\/vc_column_text][vc_column_text][\/vc_column_text][\/vc_column][\/vc_row][vc_row][vc_column el_class=&#8221;insta-slider&#8221;][vc_widget_sidebar sidebar_id=&#8221;jr-insta-shortcodes&#8221;][\/vc_column][\/vc_row]\" \/>\n<meta property=\"og:url\" content=\"https:\/\/www.chambredhotesanglet.com\/golf-tours-etchebri\/\" \/>\n<meta property=\"og:site_name\" content=\"Maison d&#039;h\u00f4tes Anglet ETCHEBRI Pays Basque - Chambre d&#039;h\u00f4tes Chiberta\" \/>\n<meta property=\"article:modified_time\" content=\"2019-03-03T19:31:50+00:00\" \/>\n<meta name=\"twitter:card\" content=\"summary_large_image\" \/>\n<script type=\"application\/ld+json\" class=\"yoast-schema-graph\">{\"@context\":\"https:\\\/\\\/schema.org\",\"@graph\":[{\"@type\":\"WebPage\",\"@id\":\"https:\\\/\\\/www.chambredhotesanglet.com\\\/golf-tours-etchebri\\\/\",\"url\":\"https:\\\/\\\/www.chambredhotesanglet.com\\\/golf-tours-etchebri\\\/\",\"name\":\"Golf Tours Etchebri | Maison d&#039;h\u00f4tes Anglet ETCHEBRI Pays Basque - Chambre d&#039;h\u00f4tes Chiberta\",\"isPartOf\":{\"@id\":\"https:\\\/\\\/www.chambredhotesanglet.com\\\/#website\"},\"datePublished\":\"2019-02-27T09:21:47+00:00\",\"dateModified\":\"2019-03-03T19:31:50+00:00\",\"breadcrumb\":{\"@id\":\"https:\\\/\\\/www.chambredhotesanglet.com\\\/golf-tours-etchebri\\\/#breadcrumb\"},\"inLanguage\":\"en-US\",\"potentialAction\":[{\"@type\":\"ReadAction\",\"target\":[\"https:\\\/\\\/www.chambredhotesanglet.com\\\/golf-tours-etchebri\\\/\"]}]},{\"@type\":\"BreadcrumbList\",\"@id\":\"https:\\\/\\\/www.chambredhotesanglet.com\\\/golf-tours-etchebri\\\/#breadcrumb\",\"itemListElement\":[{\"@type\":\"ListItem\",\"position\":1,\"name\":\"Accueil\",\"item\":\"https:\\\/\\\/www.chambredhotesanglet.com\\\/\"},{\"@type\":\"ListItem\",\"position\":2,\"name\":\"Golf Tours Etchebri\"}]},{\"@type\":\"WebSite\",\"@id\":\"https:\\\/\\\/www.chambredhotesanglet.com\\\/#website\",\"url\":\"https:\\\/\\\/www.chambredhotesanglet.com\\\/\",\"name\":\"Maison d&#039;h\u00f4tes Anglet ETCHEBRI Pays Basque - Chambre d&#039;h\u00f4tes Chiberta\",\"description\":\"H\u00e9bergement Pays Basque, la Chambre d&#039;h\u00f4tes Etchebri se trouve dans le quartier de Chiberta \u00e0 Anglet, a proximit\u00e9 des golfs du Pays basque\",\"publisher\":{\"@id\":\"https:\\\/\\\/www.chambredhotesanglet.com\\\/#organization\"},\"potentialAction\":[{\"@type\":\"SearchAction\",\"target\":{\"@type\":\"EntryPoint\",\"urlTemplate\":\"https:\\\/\\\/www.chambredhotesanglet.com\\\/?s={search_term_string}\"},\"query-input\":{\"@type\":\"PropertyValueSpecification\",\"valueRequired\":true,\"valueName\":\"search_term_string\"}}],\"inLanguage\":\"en-US\"},{\"@type\":\"Organization\",\"@id\":\"https:\\\/\\\/www.chambredhotesanglet.com\\\/#organization\",\"name\":\"Villa Etchebri\",\"url\":\"https:\\\/\\\/www.chambredhotesanglet.com\\\/\",\"logo\":{\"@type\":\"ImageObject\",\"inLanguage\":\"en-US\",\"@id\":\"https:\\\/\\\/www.chambredhotesanglet.com\\\/#\\\/schema\\\/logo\\\/image\\\/\",\"url\":\"https:\\\/\\\/www.chambredhotesanglet.com\\\/wp-content\\\/uploads\\\/2022\\\/01\\\/Sans-titre-2.png\",\"contentUrl\":\"https:\\\/\\\/www.chambredhotesanglet.com\\\/wp-content\\\/uploads\\\/2022\\\/01\\\/Sans-titre-2.png\",\"width\":9503,\"height\":5741,\"caption\":\"Villa Etchebri\"},\"image\":{\"@id\":\"https:\\\/\\\/www.chambredhotesanglet.com\\\/#\\\/schema\\\/logo\\\/image\\\/\"},\"sameAs\":[\"https:\\\/\\\/www.instagram.com\\\/villaetchebri\\\/?hl=fr\"]}]}<\/script>\n<!-- \/ Yoast SEO plugin. -->","yoast_head_json":{"title":"Golf Tours Etchebri | Maison d&#039;h\u00f4tes Anglet ETCHEBRI Pays Basque - Chambre d&#039;h\u00f4tes Chiberta","robots":{"index":"index","follow":"follow","max-snippet":"max-snippet:-1","max-image-preview":"max-image-preview:large","max-video-preview":"max-video-preview:-1"},"canonical":"https:\/\/www.chambredhotesanglet.com\/golf-tours-etchebri\/","og_locale":"en_US","og_type":"article","og_title":"Golf Tours Etchebri | Maison d&#039;h\u00f4tes Anglet ETCHEBRI Pays Basque - Chambre d&#039;h\u00f4tes Chiberta","og_description":"[vc_row el_class=&#8221;rate-table&#8221; css=&#8221;.vc_custom_1551262358461{margin-top: 50px !important;}&#8221;][vc_column][vc_column_text] Golf Tours [\/vc_column_text][vc_column_text][\/vc_column_text][\/vc_column][\/vc_row][vc_row el_class=&#8221;rate-table&#8221;][vc_column][vc_column_text] Golf Tours with Instructors [\/vc_column_text][vc_column_text][\/vc_column_text][\/vc_column][\/vc_row][vc_row][vc_column el_class=&#8221;insta-slider&#8221;][vc_widget_sidebar sidebar_id=&#8221;jr-insta-shortcodes&#8221;][\/vc_column][\/vc_row]","og_url":"https:\/\/www.chambredhotesanglet.com\/golf-tours-etchebri\/","og_site_name":"Maison d&#039;h\u00f4tes Anglet ETCHEBRI Pays Basque - Chambre d&#039;h\u00f4tes Chiberta","article_modified_time":"2019-03-03T19:31:50+00:00","twitter_card":"summary_large_image","schema":{"@context":"https:\/\/schema.org","@graph":[{"@type":"WebPage","@id":"https:\/\/www.chambredhotesanglet.com\/golf-tours-etchebri\/","url":"https:\/\/www.chambredhotesanglet.com\/golf-tours-etchebri\/","name":"Golf Tours Etchebri | Maison d&#039;h\u00f4tes Anglet ETCHEBRI Pays Basque - Chambre d&#039;h\u00f4tes Chiberta","isPartOf":{"@id":"https:\/\/www.chambredhotesanglet.com\/#website"},"datePublished":"2019-02-27T09:21:47+00:00","dateModified":"2019-03-03T19:31:50+00:00","breadcrumb":{"@id":"https:\/\/www.chambredhotesanglet.com\/golf-tours-etchebri\/#breadcrumb"},"inLanguage":"en-US","potentialAction":[{"@type":"ReadAction","target":["https:\/\/www.chambredhotesanglet.com\/golf-tours-etchebri\/"]}]},{"@type":"BreadcrumbList","@id":"https:\/\/www.chambredhotesanglet.com\/golf-tours-etchebri\/#breadcrumb","itemListElement":[{"@type":"ListItem","position":1,"name":"Accueil","item":"https:\/\/www.chambredhotesanglet.com\/"},{"@type":"ListItem","position":2,"name":"Golf Tours Etchebri"}]},{"@type":"WebSite","@id":"https:\/\/www.chambredhotesanglet.com\/#website","url":"https:\/\/www.chambredhotesanglet.com\/","name":"Maison d&#039;h\u00f4tes Anglet ETCHEBRI Pays Basque - Chambre d&#039;h\u00f4tes Chiberta","description":"H\u00e9bergement Pays Basque, la Chambre d&#039;h\u00f4tes Etchebri se trouve dans le quartier de Chiberta \u00e0 Anglet, a proximit\u00e9 des golfs du Pays basque","publisher":{"@id":"https:\/\/www.chambredhotesanglet.com\/#organization"},"potentialAction":[{"@type":"SearchAction","target":{"@type":"EntryPoint","urlTemplate":"https:\/\/www.chambredhotesanglet.com\/?s={search_term_string}"},"query-input":{"@type":"PropertyValueSpecification","valueRequired":true,"valueName":"search_term_string"}}],"inLanguage":"en-US"},{"@type":"Organization","@id":"https:\/\/www.chambredhotesanglet.com\/#organization","name":"Villa Etchebri","url":"https:\/\/www.chambredhotesanglet.com\/","logo":{"@type":"ImageObject","inLanguage":"en-US","@id":"https:\/\/www.chambredhotesanglet.com\/#\/schema\/logo\/image\/","url":"https:\/\/www.chambredhotesanglet.com\/wp-content\/uploads\/2022\/01\/Sans-titre-2.png","contentUrl":"https:\/\/www.chambredhotesanglet.com\/wp-content\/uploads\/2022\/01\/Sans-titre-2.png","width":9503,"height":5741,"caption":"Villa Etchebri"},"image":{"@id":"https:\/\/www.chambredhotesanglet.com\/#\/schema\/logo\/image\/"},"sameAs":["https:\/\/www.instagram.com\/villaetchebri\/?hl=fr"]}]}},"_links":{"self":[{"href":"https:\/\/www.chambredhotesanglet.com\/en\/wp-json\/wp\/v2\/pages\/2644\/"}],"collection":[{"href":"https:\/\/www.chambredhotesanglet.com\/en\/wp-json\/wp\/v2\/pages\/"}],"about":[{"href":"https:\/\/www.chambredhotesanglet.com\/en\/wp-json\/wp\/v2\/types\/page\/"}],"author":[{"embeddable":true,"href":"https:\/\/www.chambredhotesanglet.com\/en\/wp-json\/wp\/v2\/users\/1\/"}],"replies":[{"embeddable":true,"href":"https:\/\/www.chambredhotesanglet.com\/en\/wp-json\/wp\/v2\/comments\/?post=2644"}],"version-history":[{"count":8,"href":"https:\/\/www.chambredhotesanglet.com\/en\/wp-json\/wp\/v2\/pages\/2644\/revisions\/"}],"predecessor-version":[{"id":3034,"href":"https:\/\/www.chambredhotesanglet.com\/en\/wp-json\/wp\/v2\/pages\/2644\/revisions\/3034\/"}],"wp:attachment":[{"href":"https:\/\/www.chambredhotesanglet.com\/en\/wp-json\/wp\/v2\/media\/?parent=2644"}],"curies":[{"name":"wp","href":"https:\/\/api.w.org\/{rel}","templated":true}]}}