{"id":2654,"date":"2019-02-27T10:28:35","date_gmt":"2019-02-27T09:28:35","guid":{"rendered":"https:\/\/www.chambredhotesanglet.com\/?page_id=2654"},"modified":"2019-06-11T12:18:01","modified_gmt":"2019-06-11T10:18:01","slug":"golfs-of-the-basque-country","status":"publish","type":"page","link":"https:\/\/www.chambredhotesanglet.com\/en\/golfs-of-the-basque-country\/","title":{"rendered":"Golfs of the basque Country"},"content":{"rendered":"<p>[vc_row css=&#8221;.vc_custom_1551260130777{margin-top: 50px !important;margin-bottom: 50px !important;padding-right: 50px !important;padding-left: 50px !important;}&#8221;][vc_column][vc_column_text]Some memorable golfing experiences will leave you as a committed fan of the region\u2019s approach to living in style : there are impressive and challenging courses including the Biarritz-Le Phare, built in 1888, making it France\u2019s second oldest course, as well as Chiberta, only minutes away from Villa Etchebri[\/vc_column_text][vc_single_image image=&#8221;2492&#8243; img_size=&#8221;full&#8221; alignment=&#8221;center&#8221; css=&#8221;.vc_custom_1551075153600{margin-top: 30px !important;border-bottom-width: 30px !important;}&#8221;][vc_column_text]Within a radius of 30 km, 11 courses open all year round await you. With a great variety, you will discover the different landscapes of the moors and the Basque country: links by the ocean, traditional paths in the forest, manicured city paths, or more rural terrain, all will enchant you with their magnificent views.[\/vc_column_text][vc_column_text]<b>As Etchebri&#8217;s customers, you will benefit from special rates:<\/b>[\/vc_column_text][vc_row_inner][vc_column_inner width=&#8221;1\/4&#8243;][vc_column_text]<a class=\"roll3\" href=\"http:\/\/www.golfpassbiarritz.com\/\" target=\"_blank\" rel=\"noopener noreferrer\"><img loading=\"lazy\" decoding=\"async\" src=\"\/wp-content\/uploads\/2019\/02\/golf_pass_biarritz.png\" width=\"194\" height=\"89\" border=\"0\" \/><\/a><\/p>\n<p><b>Golf Pass Biarritz<\/b><br \/>\nArcangues, Biarritz,<br \/>\nMakila et Seignosse.[\/vc_column_text][\/vc_column_inner][vc_column_inner width=&#8221;1\/4&#8243;][vc_column_text]<a class=\"roll3\" href=\"http:\/\/www.tourismelandes.com\/golf-pass-xlandes\" target=\"_blank\" rel=\"noopener noreferrer\"><img loading=\"lazy\" decoding=\"async\" src=\"\/wp-content\/uploads\/2019\/02\/golf_pass_xl_landes.jpg\" width=\"194\" height=\"137\" border=\"0\" \/><br \/>\n<b>Golf PassXLandes<\/b><br \/>\nSeignosse, Moliets, Mont-de-Marsan, Hossegor et Pinsolle\/Soustons.<\/a>[\/vc_column_text][\/vc_column_inner][vc_column_inner width=&#8221;1\/4&#8243;][\/vc_column_inner][vc_column_inner width=&#8221;1\/4&#8243;][\/vc_column_inner][\/vc_row_inner][\/vc_column][\/vc_row][vc_row css=&#8221;.vc_custom_1551072254948{margin-top: 30px !important;margin-bottom: 50px !important;padding-right: 50px !important;padding-left: 50px !important;}&#8221;][vc_column][vc_column_text]<\/p>\n<h2>Chiberta Golf Club<\/h2>\n<p><a href=\"http:\/\/www.golfchiberta.com\">www.golfchiberta.com<\/a><\/p>\n<p>A few minutes walk away, the magnificent Chiberta golf course,&#8221;&#8230;undoubtedly one of the most beautiful Basque golf courses, it is a mixture of &#8220;links and in-land&#8221;, particularly varied. From the green of the 2nd, you will be at the seaside to finish in the middle of a splendid pine forest&#8221; The Chiberta golf course has since settled like a glacis between the ocean and the foliage of the Pignada forest.<\/p>\n<p>Playing with the hilly terrain, it offers two courses, one with 18 holes and the other with 9, named Golf de l&#8217;Imp\u00e9ratrice, did you know that the famous Golf de Chiberta owes its creation to the Duke of Windsor? Familiar with Anglet, he set out to build the most beautiful golf course in the world and for this purpose, in 1927, he entrusted his design to the famous architect Tom Simpson, who knew how to use the configuration of an exceptional place, between the sea and the forest, admirably.[\/vc_column_text][vc_single_image image=&#8221;2496&#8243; img_size=&#8221;830&#215;216&#8243; style=&#8221;vc_box_border&#8221;][\/vc_column][\/vc_row][vc_row css=&#8221;.vc_custom_1551072254948{margin-top: 30px !important;margin-bottom: 50px !important;padding-right: 50px !important;padding-left: 50px !important;}&#8221;][vc_column][vc_column_text]<\/p>\n<h2>Biarritz Golf Club<\/h2>\n<p><a href=\"http:\/\/www.golfbiarritz.com\">www.golfbiarritz.com<\/a> | <a href=\"http:\/\/www.golfilbarritz.com\">www.golfilbarritz.com<\/a><\/p>\n<p>In 1888 the Golf of Biarritz le Phare already welcomed its first players.<\/p>\n<p>In the space of a century, Biarritz became a legend in golf, and a hundred years later, the Ilbarritz Training Centre, a complex unique in Europe for the beauty of its site and its technical level, was born.[\/vc_column_text][vc_single_image image=&#8221;2502&#8243; img_size=&#8221;830&#215;216&#8243; style=&#8221;vc_box_border&#8221;][\/vc_column][\/vc_row][vc_row css=&#8221;.vc_custom_1551072254948{margin-top: 30px !important;margin-bottom: 50px !important;padding-right: 50px !important;padding-left: 50px !important;}&#8221;][vc_column][vc_column_text]<\/p>\n<h2>The golf courses of the hinterland<\/h2>\n<p><a href=\"http:\/\/www.golfdarcangues.com\">www.golfdarcangues.com<\/a> | <a href=\"http:\/\/www.makilagolfclub.com\">www.makilagolfclub.com<\/a><\/p>\n<p>The Golf d&#8217;Arcangues was created in the 90s by the brothers Guy and Jean d&#8217;Arcangues on the family property that surrounds the village and the Castle of the same name. At the gateway to Biarritz, the Arcangues golf course is part of a majestic site around the famous village of Arcangues.<\/p>\n<p>The clubhouse is an old restored 15th century farmhouse, Makila Golf Club Bayonne Bassussarry Pays Basque, located at the gates of Bayonne: The American architect Rocky Roquemore has put in harmony a very stylish layout in a magnificent, hilly and wooded natural site, to allow golfers of all levels to feel comfortable.<\/p>\n<p>Nestled in the heart of the Pyrenean Valleys of the Basque Country in the commune of Soura\u00efde between St-P\u00e9e-sur-Nivelle and Espelette, the rustic Golf Epherra offers you in its exceptional environment a technical and rural course with a slope.[\/vc_column_text][vc_single_image image=&#8221;2504&#8243; img_size=&#8221;830&#215;209&#8243; style=&#8221;vc_box_border&#8221;][\/vc_column][\/vc_row][vc_row css=&#8221;.vc_custom_1551072254948{margin-top: 30px !important;margin-bottom: 50px !important;padding-right: 50px !important;padding-left: 50px !important;}&#8221;][vc_column][vc_column_text]<\/p>\n<h2>Saint-Jean de Luz Golf Club<\/h2>\n<p><a href=\"http:\/\/www.chantaco.com\">www.chantaco.com<\/a> | <a href=\"http:\/\/www.golfnivelle.com\">www.golfnivelle.com<\/a><\/p>\n<p>Created in 1928, the Golf de Chantaco is the cradle of the Lacoste Family. The marriage of Simone Thion de la Chaume, golf champion, with tennis champion Ren\u00e9 Lacoste gave a very media coverage to this golf course which was frequented by many celebrities.<\/p>\n<p>The Chantago golf course runs its fairways at the foot of the Rhune, the mythical summit of the Atlantic Pyrenees, opened in 1907, the Golf de la Nivelle is built on an old quarry. Located in the commune of Ciboure, it is a hilly course. Its environment offers the beauty of the sea, the view of the port of Saint-Jean-de-Luz and the plenitude of the mountain.[\/vc_column_text][vc_single_image image=&#8221;2506&#8243; img_size=&#8221;830&#215;206&#8243; style=&#8221;vc_box_border&#8221;][\/vc_column][\/vc_row][vc_row css=&#8221;.vc_custom_1551072254948{margin-top: 30px !important;margin-bottom: 50px !important;padding-right: 50px !important;padding-left: 50px !important;}&#8221;][vc_column][vc_column_text]<\/p>\n<h2>Landes Golf club<\/h2>\n<p><a href=\"http:\/\/www.golfhossegor.com\">www.golfhossegor.com<\/a> | <a href=\"http:\/\/www.golfmoliets.com\">www.golfmoliets.com<\/a><\/p>\n<p>Born in 1927, the Golf d&#8217;Hossegor is one of the great classics on the Basque coast with a layout that recalls traditional British inland courses, where the risks are mainly trees and bunkers. Built by Tom Morrison, this classic golf course with a superb clubhouse in old style, has the best golf restaurant in the region, a true jewel, the Seignosse course reveals a wonderful stroll of the senses through a still wild nature, the vastness of its hundred-year-old pines and the splendour of its cork oaks rising in a cathedral.<\/p>\n<p>This legendary golf course, located in one of the most beautiful French golf regions, is undoubtedly an exceptional place, designed by the famous architect Robert Trent Jones Senior, the Moliets Golf Club is built on an exceptional natural site of approximately 84 hectares, is classified among the top ten French golf courses and is also one of the 25 most beautiful courses.[\/vc_column_text][vc_single_image image=&#8221;2508&#8243; img_size=&#8221;830&#215;205&#8243; style=&#8221;vc_box_border&#8221;][\/vc_column][\/vc_row][vc_row css=&#8221;.vc_custom_1551072254948{margin-top: 30px !important;margin-bottom: 50px !important;padding-right: 50px !important;padding-left: 50px !important;}&#8221;][vc_column][vc_column_text]<\/p>\n<h2>Golf of the Basque Country Spanish<\/h2>\n<p><a href=\"http:\/\/www.golfsansebastian.com\">www.golfsansebastian.com<\/a><\/p>\n<p>The nearest, and best known, is the Real Golf Club of San Sebastian, in Fontarrabie. Built in 1910, it is located very close to the border, in the municipality of Fontarrabie, at the foot of the Jaizkibel. It is a magnificent course, covering 50 hectares, which has given Europe one of the greatest champions: Jos\u00e9 Maria Olazabal.[\/vc_column_text][vc_single_image image=&#8221;2509&#8243; img_size=&#8221;830&#215;207&#8243; style=&#8221;vc_box_border&#8221;][\/vc_column][\/vc_row][vc_row css=&#8221;.vc_custom_1551345575924{background-position: center !important;background-repeat: no-repeat !important;background-size: cover !important;}&#8221;][vc_column el_class=&#8221;insta-slider&#8221;][vc_widget_sidebar sidebar_id=&#8221;jr-insta-shortcodes&#8221;][\/vc_column][\/vc_row]<\/p>\n","protected":false},"excerpt":{"rendered":"<p>[vc_row css=&#8221;.vc_custom_1551260130777{margin-top: 50px !important;margin-bottom: 50px !important;padding-right: 50px !important;padding-left: 50px !important;}&#8221;][vc_column][vc_column_text]Some memorable golfing experiences will leave you as a committed fan of the region\u2019s approach to living in style : there are impressive and challenging courses including the Biarritz-Le Phare, built in 1888, making it France\u2019s second oldest course, as well as Chiberta, only minutes away&hellip;<\/p>\n","protected":false},"author":1,"featured_media":0,"parent":0,"menu_order":0,"comment_status":"closed","ping_status":"closed","template":"","meta":{"ngg_post_thumbnail":0,"footnotes":""},"class_list":["post-2654","page","type-page","status-publish","hentry"],"yoast_head":"<!-- This site is optimized with the Yoast SEO plugin v27.3 - https:\/\/yoast.com\/product\/yoast-seo-wordpress\/ -->\n<title>Golfs of the basque Country | Maison d&#039;h\u00f4tes Anglet ETCHEBRI Pays Basque - Chambre d&#039;h\u00f4tes Chiberta<\/title>\n<meta name=\"robots\" content=\"index, follow, max-snippet:-1, max-image-preview:large, max-video-preview:-1\" \/>\n<link rel=\"canonical\" href=\"https:\/\/www.chambredhotesanglet.com\/golfs-du-pays-basque-stage-anglet\/\" \/>\n<meta property=\"og:locale\" content=\"en_US\" \/>\n<meta property=\"og:type\" content=\"article\" \/>\n<meta property=\"og:title\" content=\"Golfs of the basque Country | Maison d&#039;h\u00f4tes Anglet ETCHEBRI Pays Basque - Chambre d&#039;h\u00f4tes Chiberta\" \/>\n<meta property=\"og:description\" content=\"[vc_row css=&#8221;.vc_custom_1551260130777{margin-top: 50px !important;margin-bottom: 50px !important;padding-right: 50px !important;padding-left: 50px !important;}&#8221;][vc_column][vc_column_text]Some memorable golfing experiences will leave you as a committed fan of the region\u2019s approach to living in style : there are impressive and challenging courses including the Biarritz-Le Phare, built in 1888, making it France\u2019s second oldest course, as well as Chiberta, only minutes away&hellip;\" \/>\n<meta property=\"og:url\" content=\"https:\/\/www.chambredhotesanglet.com\/golfs-du-pays-basque-stage-anglet\/\" \/>\n<meta property=\"og:site_name\" content=\"Maison d&#039;h\u00f4tes Anglet ETCHEBRI Pays Basque - Chambre d&#039;h\u00f4tes Chiberta\" \/>\n<meta property=\"article:modified_time\" content=\"2019-06-11T10:18:01+00:00\" \/>\n<meta name=\"twitter:card\" content=\"summary_large_image\" \/>\n<meta name=\"twitter:label1\" content=\"Est. reading time\" \/>\n\t<meta name=\"twitter:data1\" content=\"6 minutes\" \/>\n<script type=\"application\/ld+json\" class=\"yoast-schema-graph\">{\"@context\":\"https:\\\/\\\/schema.org\",\"@graph\":[{\"@type\":\"WebPage\",\"@id\":\"https:\\\/\\\/www.chambredhotesanglet.com\\\/golfs-du-pays-basque-stage-anglet\\\/\",\"url\":\"https:\\\/\\\/www.chambredhotesanglet.com\\\/golfs-du-pays-basque-stage-anglet\\\/\",\"name\":\"Golfs of the basque Country | Maison d&#039;h\u00f4tes Anglet ETCHEBRI Pays Basque - Chambre d&#039;h\u00f4tes Chiberta\",\"isPartOf\":{\"@id\":\"https:\\\/\\\/www.chambredhotesanglet.com\\\/#website\"},\"datePublished\":\"2019-02-27T09:28:35+00:00\",\"dateModified\":\"2019-06-11T10:18:01+00:00\",\"breadcrumb\":{\"@id\":\"https:\\\/\\\/www.chambredhotesanglet.com\\\/golfs-du-pays-basque-stage-anglet\\\/#breadcrumb\"},\"inLanguage\":\"en-US\",\"potentialAction\":[{\"@type\":\"ReadAction\",\"target\":[\"https:\\\/\\\/www.chambredhotesanglet.com\\\/golfs-du-pays-basque-stage-anglet\\\/\"]}]},{\"@type\":\"BreadcrumbList\",\"@id\":\"https:\\\/\\\/www.chambredhotesanglet.com\\\/golfs-du-pays-basque-stage-anglet\\\/#breadcrumb\",\"itemListElement\":[{\"@type\":\"ListItem\",\"position\":1,\"name\":\"Accueil\",\"item\":\"https:\\\/\\\/www.chambredhotesanglet.com\\\/\"},{\"@type\":\"ListItem\",\"position\":2,\"name\":\"Golfs of the basque Country\"}]},{\"@type\":\"WebSite\",\"@id\":\"https:\\\/\\\/www.chambredhotesanglet.com\\\/#website\",\"url\":\"https:\\\/\\\/www.chambredhotesanglet.com\\\/\",\"name\":\"Maison d&#039;h\u00f4tes Anglet ETCHEBRI Pays Basque - Chambre d&#039;h\u00f4tes Chiberta\",\"description\":\"H\u00e9bergement Pays Basque, la Chambre d&#039;h\u00f4tes Etchebri se trouve dans le quartier de Chiberta \u00e0 Anglet, a proximit\u00e9 des golfs du Pays basque\",\"publisher\":{\"@id\":\"https:\\\/\\\/www.chambredhotesanglet.com\\\/#organization\"},\"potentialAction\":[{\"@type\":\"SearchAction\",\"target\":{\"@type\":\"EntryPoint\",\"urlTemplate\":\"https:\\\/\\\/www.chambredhotesanglet.com\\\/?s={search_term_string}\"},\"query-input\":{\"@type\":\"PropertyValueSpecification\",\"valueRequired\":true,\"valueName\":\"search_term_string\"}}],\"inLanguage\":\"en-US\"},{\"@type\":\"Organization\",\"@id\":\"https:\\\/\\\/www.chambredhotesanglet.com\\\/#organization\",\"name\":\"Villa Etchebri\",\"url\":\"https:\\\/\\\/www.chambredhotesanglet.com\\\/\",\"logo\":{\"@type\":\"ImageObject\",\"inLanguage\":\"en-US\",\"@id\":\"https:\\\/\\\/www.chambredhotesanglet.com\\\/#\\\/schema\\\/logo\\\/image\\\/\",\"url\":\"https:\\\/\\\/www.chambredhotesanglet.com\\\/wp-content\\\/uploads\\\/2022\\\/01\\\/Sans-titre-2.png\",\"contentUrl\":\"https:\\\/\\\/www.chambredhotesanglet.com\\\/wp-content\\\/uploads\\\/2022\\\/01\\\/Sans-titre-2.png\",\"width\":9503,\"height\":5741,\"caption\":\"Villa Etchebri\"},\"image\":{\"@id\":\"https:\\\/\\\/www.chambredhotesanglet.com\\\/#\\\/schema\\\/logo\\\/image\\\/\"},\"sameAs\":[\"https:\\\/\\\/www.instagram.com\\\/villaetchebri\\\/?hl=fr\"]}]}<\/script>\n<!-- \/ Yoast SEO plugin. -->","yoast_head_json":{"title":"Golfs of the basque Country | Maison d&#039;h\u00f4tes Anglet ETCHEBRI Pays Basque - Chambre d&#039;h\u00f4tes Chiberta","robots":{"index":"index","follow":"follow","max-snippet":"max-snippet:-1","max-image-preview":"max-image-preview:large","max-video-preview":"max-video-preview:-1"},"canonical":"https:\/\/www.chambredhotesanglet.com\/golfs-du-pays-basque-stage-anglet\/","og_locale":"en_US","og_type":"article","og_title":"Golfs of the basque Country | Maison d&#039;h\u00f4tes Anglet ETCHEBRI Pays Basque - Chambre d&#039;h\u00f4tes Chiberta","og_description":"[vc_row css=&#8221;.vc_custom_1551260130777{margin-top: 50px !important;margin-bottom: 50px !important;padding-right: 50px !important;padding-left: 50px !important;}&#8221;][vc_column][vc_column_text]Some memorable golfing experiences will leave you as a committed fan of the region\u2019s approach to living in style : there are impressive and challenging courses including the Biarritz-Le Phare, built in 1888, making it France\u2019s second oldest course, as well as Chiberta, only minutes away&hellip;","og_url":"https:\/\/www.chambredhotesanglet.com\/golfs-du-pays-basque-stage-anglet\/","og_site_name":"Maison d&#039;h\u00f4tes Anglet ETCHEBRI Pays Basque - Chambre d&#039;h\u00f4tes Chiberta","article_modified_time":"2019-06-11T10:18:01+00:00","twitter_card":"summary_large_image","twitter_misc":{"Est. reading time":"6 minutes"},"schema":{"@context":"https:\/\/schema.org","@graph":[{"@type":"WebPage","@id":"https:\/\/www.chambredhotesanglet.com\/golfs-du-pays-basque-stage-anglet\/","url":"https:\/\/www.chambredhotesanglet.com\/golfs-du-pays-basque-stage-anglet\/","name":"Golfs of the basque Country | Maison d&#039;h\u00f4tes Anglet ETCHEBRI Pays Basque - Chambre d&#039;h\u00f4tes Chiberta","isPartOf":{"@id":"https:\/\/www.chambredhotesanglet.com\/#website"},"datePublished":"2019-02-27T09:28:35+00:00","dateModified":"2019-06-11T10:18:01+00:00","breadcrumb":{"@id":"https:\/\/www.chambredhotesanglet.com\/golfs-du-pays-basque-stage-anglet\/#breadcrumb"},"inLanguage":"en-US","potentialAction":[{"@type":"ReadAction","target":["https:\/\/www.chambredhotesanglet.com\/golfs-du-pays-basque-stage-anglet\/"]}]},{"@type":"BreadcrumbList","@id":"https:\/\/www.chambredhotesanglet.com\/golfs-du-pays-basque-stage-anglet\/#breadcrumb","itemListElement":[{"@type":"ListItem","position":1,"name":"Accueil","item":"https:\/\/www.chambredhotesanglet.com\/"},{"@type":"ListItem","position":2,"name":"Golfs of the basque Country"}]},{"@type":"WebSite","@id":"https:\/\/www.chambredhotesanglet.com\/#website","url":"https:\/\/www.chambredhotesanglet.com\/","name":"Maison d&#039;h\u00f4tes Anglet ETCHEBRI Pays Basque - Chambre d&#039;h\u00f4tes Chiberta","description":"H\u00e9bergement Pays Basque, la Chambre d&#039;h\u00f4tes Etchebri se trouve dans le quartier de Chiberta \u00e0 Anglet, a proximit\u00e9 des golfs du Pays basque","publisher":{"@id":"https:\/\/www.chambredhotesanglet.com\/#organization"},"potentialAction":[{"@type":"SearchAction","target":{"@type":"EntryPoint","urlTemplate":"https:\/\/www.chambredhotesanglet.com\/?s={search_term_string}"},"query-input":{"@type":"PropertyValueSpecification","valueRequired":true,"valueName":"search_term_string"}}],"inLanguage":"en-US"},{"@type":"Organization","@id":"https:\/\/www.chambredhotesanglet.com\/#organization","name":"Villa Etchebri","url":"https:\/\/www.chambredhotesanglet.com\/","logo":{"@type":"ImageObject","inLanguage":"en-US","@id":"https:\/\/www.chambredhotesanglet.com\/#\/schema\/logo\/image\/","url":"https:\/\/www.chambredhotesanglet.com\/wp-content\/uploads\/2022\/01\/Sans-titre-2.png","contentUrl":"https:\/\/www.chambredhotesanglet.com\/wp-content\/uploads\/2022\/01\/Sans-titre-2.png","width":9503,"height":5741,"caption":"Villa Etchebri"},"image":{"@id":"https:\/\/www.chambredhotesanglet.com\/#\/schema\/logo\/image\/"},"sameAs":["https:\/\/www.instagram.com\/villaetchebri\/?hl=fr"]}]}},"_links":{"self":[{"href":"https:\/\/www.chambredhotesanglet.com\/en\/wp-json\/wp\/v2\/pages\/2654\/"}],"collection":[{"href":"https:\/\/www.chambredhotesanglet.com\/en\/wp-json\/wp\/v2\/pages\/"}],"about":[{"href":"https:\/\/www.chambredhotesanglet.com\/en\/wp-json\/wp\/v2\/types\/page\/"}],"author":[{"embeddable":true,"href":"https:\/\/www.chambredhotesanglet.com\/en\/wp-json\/wp\/v2\/users\/1\/"}],"replies":[{"embeddable":true,"href":"https:\/\/www.chambredhotesanglet.com\/en\/wp-json\/wp\/v2\/comments\/?post=2654"}],"version-history":[{"count":7,"href":"https:\/\/www.chambredhotesanglet.com\/en\/wp-json\/wp\/v2\/pages\/2654\/revisions\/"}],"predecessor-version":[{"id":3495,"href":"https:\/\/www.chambredhotesanglet.com\/en\/wp-json\/wp\/v2\/pages\/2654\/revisions\/3495\/"}],"wp:attachment":[{"href":"https:\/\/www.chambredhotesanglet.com\/en\/wp-json\/wp\/v2\/media\/?parent=2654"}],"curies":[{"name":"wp","href":"https:\/\/api.w.org\/{rel}","templated":true}]}}