{"id":2667,"date":"2019-02-27T10:42:03","date_gmt":"2019-02-27T09:42:03","guid":{"rendered":"https:\/\/www.chambredhotesanglet.com\/?page_id=2667"},"modified":"2019-05-11T01:08:04","modified_gmt":"2019-05-10T23:08:04","slug":"leisure-activities-nearby","status":"publish","type":"page","link":"https:\/\/www.chambredhotesanglet.com\/en\/leisure-activities-nearby\/","title":{"rendered":"Leisure activities nearby"},"content":{"rendered":"<p>[vc_row css=&#8221;.vc_custom_1551260520220{margin-top: 50px !important;margin-bottom: 50px !important;padding-right: 50px !important;padding-left: 50px !important;}&#8221;][vc_column][vc_column_text]A stroll on the beach or a walk in the 250 hectares of pine forest? The hardest part will be to choose&#8230;. Unless you prefer the immediate proximity of the Chiberta Golf Club (18 holes + 9 holes), the Thalasso centre, the Tennis Club, and many others, you can also enjoy the vital and sporty course, the cycle paths, the riding school, the ice rink, the swimming pool, and of course the joys of surfing!<\/p>\n<h2>IN THE MIDDLE OF NATURE<\/h2>\n<p><strong>HIPPIC CLUB OF THE BASQUE COAST<\/strong><\/p>\n<p>Five minutes from the beaches and on the edge of the Chiberta forest, the Equestrian Club of the Basque Coast has been welcoming riders from all walks of life for more than 50 years. In order for everyone to find a horseback riding that suits them, four teachers offer a varied schedule of activities ranging from leisure riding to competition (dressage, show jumping, eventing, hunter&#8230;). From initiation from the age of 4 to advanced training courses and competition,<\/p>\n<p><strong>LA VOIE VERTE<\/strong><\/p>\n<p>The city of Anglet is concerned to ensure the delicate balance between preserving the Chiberta forest and opening it to the public. Greenways are aerated paths that cross the forest from east to west and north to south, from the Pignada forest to the Lazaret forest. It can be reached by bike or on foot. These greenways join the beaches. They are between 1,480 m and 2,600 m long. ACCRO BRANCH Access is also possible for people with reduced mobility. ACCRO BRANCH Adventure trails in the forest equipped with a continuous life line. A splendid playground for all in the magnificent Chiberta pine forest. Evolution from trees to trees thanks to various exercises (monkey bridges, footbridges, zip lines, nets&#8230;) on 5 different courses. Jump airbag.<\/p>\n<p><strong>PIGNADAC HEALTH TRAILS<\/strong><\/p>\n<p>This 2583 m course offers the comfort of a flexible track thanks to its natural sand and pine needle mat, ideal for jogging. The most athletic can enjoy the 4 platforms equipped with equipment (stretching, muscle strengthening, balances and obstacles) and an additional 1185 m arrow loop. Entrance facing n\u00b0 211 of the Promenade de la Barre. Bicycle loan service: 5 bicycles are available all year round at the reception desk of the Tourist Office of the Five Cantons. These bicycles are available to everyone from the age of 12 (minors must be accompanied by an adult). All you need is an identity card or a deposit (cheque, car registration, driver&#8217;s licence, passport) and the bike must be returned the same day before closing time.[\/vc_column_text][vc_single_image image=&#8221;2458&#8243; img_size=&#8221;full&#8221; css=&#8221;.vc_custom_1551077334249{margin-top: 50px !important;border-bottom-width: 50px !important;}&#8221;][vc_column_text]<\/p>\n<h2>SMALL VISIT AND CULTURE<\/h2>\n<p><strong>MUS\u00c9E BONNAT<\/strong><br \/>\n5 Rue Jacques Laffitte &#8211; 64100 Bayonne &#8211; T\u00e9l: 05 59 59 08 52 &#8211; <a href=\"http:\/\/www.museebonnat.bayonne.fr\">www.museebonnat.bayonne.fr<\/a><\/p>\n<p><strong>MUS\u00c9E DE LA MER DE BIARRITZ<\/strong><br \/>\nPlateau de l Atalaye Entr\u00e9e face au Rocher de la Vierge &#8211; 64200 Biarritz &#8211; T\u00e9l: 05 59 22 33 34 &#8211; <a href=\"http:\/\/www.museedelamer.com\">www.museedelamer.com<\/a><\/p>\n<p><strong>MUS\u00c9E GUGGENHEIM BILBAO ( ESPAGNE)<\/strong><br \/>\nT\u00e9l: +34 94 435 90 00 &#8211; <a href=\"http:\/\/www.guggenheim-bilbao.es\">www.guggenheim-bilbao.es<\/a><\/p>\n<p><strong>LES GROTTES DE SARE<\/strong><br \/>\nSARE poss\u00e8de un important patrimoine arch\u00e9ologique de cinq grottes pr\u00e9historiques : Lezea, Urio Gaina, Urio Behera, Leze ttiki, Faardiko harria. Grottes de Sare &#8211; 64 310 Sare &#8211; T\u00e9l : 05 59 54 21 88 &#8211; <a href=\"http:\/\/www.grottesdesare.fr\">www.grottesdesare.fr<\/a><\/p>\n<h2>GASTRONOMY<\/h2>\n<p><strong>LA CUCARACHA<\/strong><br \/>\nRue de l&#8217;Hubahia, 64210 Bidart &#8211; 05 59 54 92 89 &#8211; <a href=\"https:\/\/www.tripadvisor.fr\/Restaurant_Review-g562702-d2275108-Reviews-La_Cucaracha-Bidart_Basque_Country_Pyrenees_Atlantiques_Nouvelle_Aquitaine.html\">Voir les avis Tripadvisor<\/a><br \/>\nUn incontournable du Pays basque, accueil sympathique et chaleureux, Philippe le patron et son \u00e9quipe servent une cuisine de qualit\u00e9 pour un prix correct &#8230; R\u00e9galez vous!<\/p>\n<p><strong>L&#8217;IMPERTINENT<\/strong><br \/>\n5 rue d&#8217;Alsace, 64200 Biarritz &#8211; 0559510367 &#8211; <a href=\"http:\/\/www.l-impertinent.fr\">www.l-impertinent.fr<\/a><br \/>\nDe l\u2019audace, encore de l\u2019audace, toujours de l\u2019audace ! avec un nom pareil, ne vous attendez pas \u00e0 une cuisine qui ronronne. Cr\u00e9ativit\u00e9 et esth\u00e9tique recherch\u00e9e sont ici la r\u00e8gle. Ce qui ne signifie pas que l\u2019on oublie ses bases : tout est fait maison, du pain aux cr\u00e8mes glac\u00e9es. Une recette all\u00e9chante, qui a fait ses preuves : apr\u00e8s seulement 10 mois d\u2019activit\u00e9, le chef vient de recevoir une \u00e9toile au guide Michelin.<\/p>\n<p><strong>LES ROSIERS<\/strong> 32 Av Beau Soleil, 64200 Biarritz &#8211; 0559231368 &#8211; <a href=\"http:\/\/www.restaurant-lesrosiers.fr\">www.restaurant-lesrosiers.fr<\/a><br \/>\nC\u2019 est fou ce qu\u2019on arrive \u00e0 faire, \u00e0 deux, dans moins de 10m2, quand on est mari\u00e9 ! Andr\u00e9e, premi\u00e8re femme Meilleur Ouvrier de France s\u2019occupe du \u00abchaud\u00bb, St\u00e9phane des entr\u00e9es et des desserts, et tous les deux s\u2019accordent pour proposer une des plus belles cartes de la c\u00f4te basque. Dans cette reposante maison de ville, ces deux natifs du Pays basque accomodent leurs racines aux exigences de la plus haute gastronomie.[\/vc_column_text][\/vc_column][\/vc_row]<\/p>\n","protected":false},"excerpt":{"rendered":"<p>[vc_row css=&#8221;.vc_custom_1551260520220{margin-top: 50px !important;margin-bottom: 50px !important;padding-right: 50px !important;padding-left: 50px !important;}&#8221;][vc_column][vc_column_text]A stroll on the beach or a walk in the 250 hectares of pine forest? The hardest part will be to choose&#8230;. Unless you prefer the immediate proximity of the Chiberta Golf Club (18 holes + 9 holes), the Thalasso centre, the Tennis Club, and many&hellip;<\/p>\n","protected":false},"author":1,"featured_media":0,"parent":0,"menu_order":0,"comment_status":"closed","ping_status":"closed","template":"","meta":{"ngg_post_thumbnail":0,"footnotes":""},"class_list":["post-2667","page","type-page","status-publish","hentry"],"yoast_head":"<!-- This site is optimized with the Yoast SEO plugin v27.3 - https:\/\/yoast.com\/product\/yoast-seo-wordpress\/ -->\n<title>Leisure activities nearby | Maison d&#039;h\u00f4tes Anglet ETCHEBRI Pays Basque - Chambre d&#039;h\u00f4tes Chiberta<\/title>\n<meta name=\"robots\" content=\"index, follow, max-snippet:-1, max-image-preview:large, max-video-preview:-1\" \/>\n<link rel=\"canonical\" href=\"https:\/\/www.chambredhotesanglet.com\/loisirs-chambrehote-paysbasque-etchebri\/\" \/>\n<meta property=\"og:locale\" content=\"en_US\" \/>\n<meta property=\"og:type\" content=\"article\" \/>\n<meta property=\"og:title\" content=\"Leisure activities nearby | Maison d&#039;h\u00f4tes Anglet ETCHEBRI Pays Basque - Chambre d&#039;h\u00f4tes Chiberta\" \/>\n<meta property=\"og:description\" content=\"[vc_row css=&#8221;.vc_custom_1551260520220{margin-top: 50px !important;margin-bottom: 50px !important;padding-right: 50px !important;padding-left: 50px !important;}&#8221;][vc_column][vc_column_text]A stroll on the beach or a walk in the 250 hectares of pine forest? The hardest part will be to choose&#8230;. Unless you prefer the immediate proximity of the Chiberta Golf Club (18 holes + 9 holes), the Thalasso centre, the Tennis Club, and many&hellip;\" \/>\n<meta property=\"og:url\" content=\"https:\/\/www.chambredhotesanglet.com\/loisirs-chambrehote-paysbasque-etchebri\/\" \/>\n<meta property=\"og:site_name\" content=\"Maison d&#039;h\u00f4tes Anglet ETCHEBRI Pays Basque - Chambre d&#039;h\u00f4tes Chiberta\" \/>\n<meta property=\"article:modified_time\" content=\"2019-05-10T23:08:04+00:00\" \/>\n<meta name=\"twitter:card\" content=\"summary_large_image\" \/>\n<meta name=\"twitter:label1\" content=\"Est. reading time\" \/>\n\t<meta name=\"twitter:data1\" content=\"4 minutes\" \/>\n<script type=\"application\/ld+json\" class=\"yoast-schema-graph\">{\"@context\":\"https:\\\/\\\/schema.org\",\"@graph\":[{\"@type\":\"WebPage\",\"@id\":\"https:\\\/\\\/www.chambredhotesanglet.com\\\/loisirs-chambrehote-paysbasque-etchebri\\\/\",\"url\":\"https:\\\/\\\/www.chambredhotesanglet.com\\\/loisirs-chambrehote-paysbasque-etchebri\\\/\",\"name\":\"Leisure activities nearby | Maison d&#039;h\u00f4tes Anglet ETCHEBRI Pays Basque - Chambre d&#039;h\u00f4tes Chiberta\",\"isPartOf\":{\"@id\":\"https:\\\/\\\/www.chambredhotesanglet.com\\\/#website\"},\"datePublished\":\"2019-02-27T09:42:03+00:00\",\"dateModified\":\"2019-05-10T23:08:04+00:00\",\"breadcrumb\":{\"@id\":\"https:\\\/\\\/www.chambredhotesanglet.com\\\/loisirs-chambrehote-paysbasque-etchebri\\\/#breadcrumb\"},\"inLanguage\":\"en-US\",\"potentialAction\":[{\"@type\":\"ReadAction\",\"target\":[\"https:\\\/\\\/www.chambredhotesanglet.com\\\/loisirs-chambrehote-paysbasque-etchebri\\\/\"]}]},{\"@type\":\"BreadcrumbList\",\"@id\":\"https:\\\/\\\/www.chambredhotesanglet.com\\\/loisirs-chambrehote-paysbasque-etchebri\\\/#breadcrumb\",\"itemListElement\":[{\"@type\":\"ListItem\",\"position\":1,\"name\":\"Accueil\",\"item\":\"https:\\\/\\\/www.chambredhotesanglet.com\\\/\"},{\"@type\":\"ListItem\",\"position\":2,\"name\":\"Leisure activities nearby\"}]},{\"@type\":\"WebSite\",\"@id\":\"https:\\\/\\\/www.chambredhotesanglet.com\\\/#website\",\"url\":\"https:\\\/\\\/www.chambredhotesanglet.com\\\/\",\"name\":\"Maison d&#039;h\u00f4tes Anglet ETCHEBRI Pays Basque - Chambre d&#039;h\u00f4tes Chiberta\",\"description\":\"H\u00e9bergement Pays Basque, la Chambre d&#039;h\u00f4tes Etchebri se trouve dans le quartier de Chiberta \u00e0 Anglet, a proximit\u00e9 des golfs du Pays basque\",\"publisher\":{\"@id\":\"https:\\\/\\\/www.chambredhotesanglet.com\\\/#organization\"},\"potentialAction\":[{\"@type\":\"SearchAction\",\"target\":{\"@type\":\"EntryPoint\",\"urlTemplate\":\"https:\\\/\\\/www.chambredhotesanglet.com\\\/?s={search_term_string}\"},\"query-input\":{\"@type\":\"PropertyValueSpecification\",\"valueRequired\":true,\"valueName\":\"search_term_string\"}}],\"inLanguage\":\"en-US\"},{\"@type\":\"Organization\",\"@id\":\"https:\\\/\\\/www.chambredhotesanglet.com\\\/#organization\",\"name\":\"Villa Etchebri\",\"url\":\"https:\\\/\\\/www.chambredhotesanglet.com\\\/\",\"logo\":{\"@type\":\"ImageObject\",\"inLanguage\":\"en-US\",\"@id\":\"https:\\\/\\\/www.chambredhotesanglet.com\\\/#\\\/schema\\\/logo\\\/image\\\/\",\"url\":\"https:\\\/\\\/www.chambredhotesanglet.com\\\/wp-content\\\/uploads\\\/2022\\\/01\\\/Sans-titre-2.png\",\"contentUrl\":\"https:\\\/\\\/www.chambredhotesanglet.com\\\/wp-content\\\/uploads\\\/2022\\\/01\\\/Sans-titre-2.png\",\"width\":9503,\"height\":5741,\"caption\":\"Villa Etchebri\"},\"image\":{\"@id\":\"https:\\\/\\\/www.chambredhotesanglet.com\\\/#\\\/schema\\\/logo\\\/image\\\/\"},\"sameAs\":[\"https:\\\/\\\/www.instagram.com\\\/villaetchebri\\\/?hl=fr\"]}]}<\/script>\n<!-- \/ Yoast SEO plugin. -->","yoast_head_json":{"title":"Leisure activities nearby | Maison d&#039;h\u00f4tes Anglet ETCHEBRI Pays Basque - Chambre d&#039;h\u00f4tes Chiberta","robots":{"index":"index","follow":"follow","max-snippet":"max-snippet:-1","max-image-preview":"max-image-preview:large","max-video-preview":"max-video-preview:-1"},"canonical":"https:\/\/www.chambredhotesanglet.com\/loisirs-chambrehote-paysbasque-etchebri\/","og_locale":"en_US","og_type":"article","og_title":"Leisure activities nearby | Maison d&#039;h\u00f4tes Anglet ETCHEBRI Pays Basque - Chambre d&#039;h\u00f4tes Chiberta","og_description":"[vc_row css=&#8221;.vc_custom_1551260520220{margin-top: 50px !important;margin-bottom: 50px !important;padding-right: 50px !important;padding-left: 50px !important;}&#8221;][vc_column][vc_column_text]A stroll on the beach or a walk in the 250 hectares of pine forest? The hardest part will be to choose&#8230;. Unless you prefer the immediate proximity of the Chiberta Golf Club (18 holes + 9 holes), the Thalasso centre, the Tennis Club, and many&hellip;","og_url":"https:\/\/www.chambredhotesanglet.com\/loisirs-chambrehote-paysbasque-etchebri\/","og_site_name":"Maison d&#039;h\u00f4tes Anglet ETCHEBRI Pays Basque - Chambre d&#039;h\u00f4tes Chiberta","article_modified_time":"2019-05-10T23:08:04+00:00","twitter_card":"summary_large_image","twitter_misc":{"Est. reading time":"4 minutes"},"schema":{"@context":"https:\/\/schema.org","@graph":[{"@type":"WebPage","@id":"https:\/\/www.chambredhotesanglet.com\/loisirs-chambrehote-paysbasque-etchebri\/","url":"https:\/\/www.chambredhotesanglet.com\/loisirs-chambrehote-paysbasque-etchebri\/","name":"Leisure activities nearby | Maison d&#039;h\u00f4tes Anglet ETCHEBRI Pays Basque - Chambre d&#039;h\u00f4tes Chiberta","isPartOf":{"@id":"https:\/\/www.chambredhotesanglet.com\/#website"},"datePublished":"2019-02-27T09:42:03+00:00","dateModified":"2019-05-10T23:08:04+00:00","breadcrumb":{"@id":"https:\/\/www.chambredhotesanglet.com\/loisirs-chambrehote-paysbasque-etchebri\/#breadcrumb"},"inLanguage":"en-US","potentialAction":[{"@type":"ReadAction","target":["https:\/\/www.chambredhotesanglet.com\/loisirs-chambrehote-paysbasque-etchebri\/"]}]},{"@type":"BreadcrumbList","@id":"https:\/\/www.chambredhotesanglet.com\/loisirs-chambrehote-paysbasque-etchebri\/#breadcrumb","itemListElement":[{"@type":"ListItem","position":1,"name":"Accueil","item":"https:\/\/www.chambredhotesanglet.com\/"},{"@type":"ListItem","position":2,"name":"Leisure activities nearby"}]},{"@type":"WebSite","@id":"https:\/\/www.chambredhotesanglet.com\/#website","url":"https:\/\/www.chambredhotesanglet.com\/","name":"Maison d&#039;h\u00f4tes Anglet ETCHEBRI Pays Basque - Chambre d&#039;h\u00f4tes Chiberta","description":"H\u00e9bergement Pays Basque, la Chambre d&#039;h\u00f4tes Etchebri se trouve dans le quartier de Chiberta \u00e0 Anglet, a proximit\u00e9 des golfs du Pays basque","publisher":{"@id":"https:\/\/www.chambredhotesanglet.com\/#organization"},"potentialAction":[{"@type":"SearchAction","target":{"@type":"EntryPoint","urlTemplate":"https:\/\/www.chambredhotesanglet.com\/?s={search_term_string}"},"query-input":{"@type":"PropertyValueSpecification","valueRequired":true,"valueName":"search_term_string"}}],"inLanguage":"en-US"},{"@type":"Organization","@id":"https:\/\/www.chambredhotesanglet.com\/#organization","name":"Villa Etchebri","url":"https:\/\/www.chambredhotesanglet.com\/","logo":{"@type":"ImageObject","inLanguage":"en-US","@id":"https:\/\/www.chambredhotesanglet.com\/#\/schema\/logo\/image\/","url":"https:\/\/www.chambredhotesanglet.com\/wp-content\/uploads\/2022\/01\/Sans-titre-2.png","contentUrl":"https:\/\/www.chambredhotesanglet.com\/wp-content\/uploads\/2022\/01\/Sans-titre-2.png","width":9503,"height":5741,"caption":"Villa Etchebri"},"image":{"@id":"https:\/\/www.chambredhotesanglet.com\/#\/schema\/logo\/image\/"},"sameAs":["https:\/\/www.instagram.com\/villaetchebri\/?hl=fr"]}]}},"_links":{"self":[{"href":"https:\/\/www.chambredhotesanglet.com\/en\/wp-json\/wp\/v2\/pages\/2667\/"}],"collection":[{"href":"https:\/\/www.chambredhotesanglet.com\/en\/wp-json\/wp\/v2\/pages\/"}],"about":[{"href":"https:\/\/www.chambredhotesanglet.com\/en\/wp-json\/wp\/v2\/types\/page\/"}],"author":[{"embeddable":true,"href":"https:\/\/www.chambredhotesanglet.com\/en\/wp-json\/wp\/v2\/users\/1\/"}],"replies":[{"embeddable":true,"href":"https:\/\/www.chambredhotesanglet.com\/en\/wp-json\/wp\/v2\/comments\/?post=2667"}],"version-history":[{"count":4,"href":"https:\/\/www.chambredhotesanglet.com\/en\/wp-json\/wp\/v2\/pages\/2667\/revisions\/"}],"predecessor-version":[{"id":3479,"href":"https:\/\/www.chambredhotesanglet.com\/en\/wp-json\/wp\/v2\/pages\/2667\/revisions\/3479\/"}],"wp:attachment":[{"href":"https:\/\/www.chambredhotesanglet.com\/en\/wp-json\/wp\/v2\/media\/?parent=2667"}],"curies":[{"name":"wp","href":"https:\/\/api.w.org\/{rel}","templated":true}]}}