{"id":2684,"date":"2019-02-27T10:57:16","date_gmt":"2019-02-27T09:57:16","guid":{"rendered":"https:\/\/www.chambredhotesanglet.com\/?page_id=2684"},"modified":"2019-03-01T10:31:00","modified_gmt":"2019-03-01T09:31:00","slug":"our-golf-formulas","status":"publish","type":"page","link":"https:\/\/www.chambredhotesanglet.com\/en\/our-golf-formulas\/","title":{"rendered":"Our golf formulas"},"content":{"rendered":"<p>[vc_row full_width=&#8221;stretch_row&#8221; css=&#8221;.vc_custom_1551432656601{margin-top: 10px !important;border-bottom-width: 1px !important;padding-right: 50px !important;padding-left: 50px !important;border-bottom-color: #eeeeee !important;border-bottom-style: solid !important;}&#8221; el_class=&#8221;homepage-intro&#8221;][vc_column css=&#8221;.vc_custom_1544082408014{padding-top: 0px !important;}&#8221;][vc_column_text css=&#8221;.vc_custom_1551261430476{margin-top: 50px !important;}&#8221;]Brigitte Wallon, the ex wife of professional golfer Jean Van de Velde, offers allong with the accomodations in her lovely guest house, golf tours that will satisfy all the golf lover.<\/p>\n<p>Whether you wish to discover golf or improve your level, your hostesse takes care of everything\u00a0: golf course booking, golf lessons with talented and sympathetic pros.<\/p>\n<p>Thanks to her excellent knowledge of golf, Brigitte is carefull of every detail, and has imagined hosting and golf formulas that will enable you to fully enjoy the basque Country\u2019s courses.<\/p>\n<p>Speaking of hosting, \u00a0it should be noted that the Guest house is an elegant property in a haven of greenery with confortable bedrooms and a heated pool.\u00a0 No doubt about it\u00a0: Etchebri, the house of golf lovers and her lovely hostess Brigitte (who between us, is 4 of index) is well worth to be seen\u00a0!<\/p>\n<p>Golfer or not it is the ideal place to spend some hollydays.[\/vc_column_text][vc_empty_space][vc_row_inner css=&#8221;.vc_custom_1551173857852{margin-top: 30px !important;margin-bottom: 30px !important;}&#8221;][vc_column_inner width=&#8221;1\/4&#8243;][\/vc_column_inner][vc_column_inner width=&#8221;1\/4&#8243;][vc_single_image image=&#8221;2592&#8243; img_size=&#8221;full&#8221; onclick=&#8221;custom_link&#8221; link=&#8221;\/golf-tours-etchebri\/&#8221;][\/vc_column_inner][vc_column_inner width=&#8221;1\/4&#8243;][vc_single_image image=&#8221;2593&#8243; img_size=&#8221;full&#8221; onclick=&#8221;custom_link&#8221; link=&#8221;\/golf-tours-etchebri\/&#8221;][\/vc_column_inner][vc_column_inner width=&#8221;1\/4&#8243;][\/vc_column_inner][\/vc_row_inner][vc_empty_space]<div id=\"jig1\" class=\"justified-image-grid jig-8f6e25c27661393440910eed7cadb9bd jig-preset-global\"><div class=\"jig-clearfix\"><\/div><noscript id=\"jig1-html\" class=\"justified-image-grid-html\" data-lazy-src=\"skiplazyload\" data-src=\"skipunveillazyload\"><ul><li><a href=\"https:\/\/www.chambredhotesanglet.com\/\/wp-content\/uploads\/sites\/1\/nggallery\/golf\/hebergement_golf_anglet_2.jpg\" title=\"hebergement_golf_anglet_2\"><img loading=\"lazy\" decoding=\"async\" src=\"https:\/\/www.chambredhotesanglet.com\/wp-content\/plugins\/justified-image-grid\/timthumb.php?src=https%3A%2F%2Fwww.chambredhotesanglet.com%2Fwp-content%2Fuploads%2Fsites%2F1%2Fnggallery%2Fgolf%2Fhebergement_golf_anglet_2.jpg&amp;h=190&amp;q=90&amp;f=.jpg\" alt=\"hebergement_golf_anglet_2\" width=\"126\" height=\"190\" \/><\/a><p class=\"jig-HTMLdescription\">hebergement_golf_anglet_2<\/p><\/li><li><a href=\"https:\/\/www.chambredhotesanglet.com\/\/wp-content\/uploads\/sites\/1\/nggallery\/golf\/hebergement_golf_anglet_6.jpg\" title=\"hebergement_golf_anglet_6\"><img loading=\"lazy\" decoding=\"async\" src=\"https:\/\/www.chambredhotesanglet.com\/wp-content\/plugins\/justified-image-grid\/timthumb.php?src=https%3A%2F%2Fwww.chambredhotesanglet.com%2Fwp-content%2Fuploads%2Fsites%2F1%2Fnggallery%2Fgolf%2Fhebergement_golf_anglet_6.jpg&amp;h=190&amp;q=90&amp;f=.jpg\" alt=\"hebergement_golf_anglet_6\" width=\"252\" height=\"190\" \/><\/a><p class=\"jig-HTMLdescription\">hebergement_golf_anglet_6<\/p><\/li><li><a href=\"https:\/\/www.chambredhotesanglet.com\/\/wp-content\/uploads\/sites\/1\/nggallery\/golf\/hebergement_golf_anglet_3.jpg\" title=\"hebergement_golf_anglet_3\"><img loading=\"lazy\" decoding=\"async\" src=\"https:\/\/www.chambredhotesanglet.com\/wp-content\/plugins\/justified-image-grid\/timthumb.php?src=https%3A%2F%2Fwww.chambredhotesanglet.com%2Fwp-content%2Fuploads%2Fsites%2F1%2Fnggallery%2Fgolf%2Fhebergement_golf_anglet_3.jpg&amp;h=190&amp;q=90&amp;f=.jpg\" alt=\"hebergement_golf_anglet_3\" width=\"273\" height=\"190\" \/><\/a><p class=\"jig-HTMLdescription\">hebergement_golf_anglet_3<\/p><\/li><li><a href=\"https:\/\/www.chambredhotesanglet.com\/\/wp-content\/uploads\/sites\/1\/nggallery\/golf\/hebergement_golf_anglet_1.jpg\" title=\"hebergement_golf_anglet_1\"><img loading=\"lazy\" decoding=\"async\" src=\"https:\/\/www.chambredhotesanglet.com\/wp-content\/plugins\/justified-image-grid\/timthumb.php?src=https%3A%2F%2Fwww.chambredhotesanglet.com%2Fwp-content%2Fuploads%2Fsites%2F1%2Fnggallery%2Fgolf%2Fhebergement_golf_anglet_1.jpg&amp;h=190&amp;q=90&amp;f=.jpg\" alt=\"hebergement_golf_anglet_1\" width=\"131\" height=\"190\" \/><\/a><p class=\"jig-HTMLdescription\">hebergement_golf_anglet_1<\/p><\/li><li><a href=\"https:\/\/www.chambredhotesanglet.com\/\/wp-content\/uploads\/sites\/1\/nggallery\/golf\/hebergement_golf_anglet_4.jpg\" title=\"hebergement_golf_anglet_4\"><img loading=\"lazy\" decoding=\"async\" src=\"https:\/\/www.chambredhotesanglet.com\/wp-content\/plugins\/justified-image-grid\/timthumb.php?src=https%3A%2F%2Fwww.chambredhotesanglet.com%2Fwp-content%2Fuploads%2Fsites%2F1%2Fnggallery%2Fgolf%2Fhebergement_golf_anglet_4.jpg&amp;h=190&amp;q=90&amp;f=.jpg\" alt=\"hebergement_golf_anglet_4\" width=\"171\" height=\"190\" \/><\/a><p class=\"jig-HTMLdescription\">hebergement_golf_anglet_4<\/p><\/li><li><a href=\"https:\/\/www.chambredhotesanglet.com\/\/wp-content\/uploads\/sites\/1\/nggallery\/golf\/hebergement_golf_anglet_5.jpg\" title=\"hebergement_golf_anglet_5\"><img loading=\"lazy\" decoding=\"async\" src=\"https:\/\/www.chambredhotesanglet.com\/wp-content\/plugins\/justified-image-grid\/timthumb.php?src=https%3A%2F%2Fwww.chambredhotesanglet.com%2Fwp-content%2Fuploads%2Fsites%2F1%2Fnggallery%2Fgolf%2Fhebergement_golf_anglet_5.jpg&amp;h=190&amp;q=90&amp;f=.jpg\" alt=\"hebergement_golf_anglet_5\" width=\"285\" height=\"190\" \/><\/a><p class=\"jig-HTMLdescription\">hebergement_golf_anglet_5<\/p><\/li><\/ul><\/noscript><\/div>[\/vc_column][\/vc_row][vc_row][vc_column el_class=&#8221;insta-slider&#8221;][vc_widget_sidebar sidebar_id=&#8221;jr-insta-shortcodes&#8221;][\/vc_column][\/vc_row]<\/p>\n","protected":false},"excerpt":{"rendered":"<p>[vc_row full_width=&#8221;stretch_row&#8221; css=&#8221;.vc_custom_1551432656601{margin-top: 10px !important;border-bottom-width: 1px !important;padding-right: 50px !important;padding-left: 50px !important;border-bottom-color: #eeeeee !important;border-bottom-style: solid !important;}&#8221; el_class=&#8221;homepage-intro&#8221;][vc_column css=&#8221;.vc_custom_1544082408014{padding-top: 0px !important;}&#8221;][vc_column_text css=&#8221;.vc_custom_1551261430476{margin-top: 50px !important;}&#8221;]Brigitte Wallon, the ex wife of professional golfer Jean Van de Velde, offers allong with the accomodations in her lovely guest house, golf tours that will satisfy all the golf lover. Whether you wish&hellip;<\/p>\n","protected":false},"author":1,"featured_media":0,"parent":0,"menu_order":0,"comment_status":"closed","ping_status":"closed","template":"","meta":{"ngg_post_thumbnail":0,"footnotes":""},"class_list":["post-2684","page","type-page","status-publish","hentry"],"yoast_head":"<!-- This site is optimized with the Yoast SEO plugin v27.3 - https:\/\/yoast.com\/product\/yoast-seo-wordpress\/ -->\n<title>Our golf formulas | Maison d&#039;h\u00f4tes Anglet ETCHEBRI Pays Basque - Chambre d&#039;h\u00f4tes Chiberta<\/title>\n<meta name=\"robots\" content=\"index, follow, max-snippet:-1, max-image-preview:large, max-video-preview:-1\" \/>\n<link rel=\"canonical\" href=\"https:\/\/www.chambredhotesanglet.com\/stages-pro-golf-pays-basque\/\" \/>\n<meta property=\"og:locale\" content=\"en_US\" \/>\n<meta property=\"og:type\" content=\"article\" \/>\n<meta property=\"og:title\" content=\"Our golf formulas | Maison d&#039;h\u00f4tes Anglet ETCHEBRI Pays Basque - Chambre d&#039;h\u00f4tes Chiberta\" \/>\n<meta property=\"og:description\" content=\"[vc_row full_width=&#8221;stretch_row&#8221; css=&#8221;.vc_custom_1551432656601{margin-top: 10px !important;border-bottom-width: 1px !important;padding-right: 50px !important;padding-left: 50px !important;border-bottom-color: #eeeeee !important;border-bottom-style: solid !important;}&#8221; el_class=&#8221;homepage-intro&#8221;][vc_column css=&#8221;.vc_custom_1544082408014{padding-top: 0px !important;}&#8221;][vc_column_text css=&#8221;.vc_custom_1551261430476{margin-top: 50px !important;}&#8221;]Brigitte Wallon, the ex wife of professional golfer Jean Van de Velde, offers allong with the accomodations in her lovely guest house, golf tours that will satisfy all the golf lover. Whether you wish&hellip;\" \/>\n<meta property=\"og:url\" content=\"https:\/\/www.chambredhotesanglet.com\/stages-pro-golf-pays-basque\/\" \/>\n<meta property=\"og:site_name\" content=\"Maison d&#039;h\u00f4tes Anglet ETCHEBRI Pays Basque - Chambre d&#039;h\u00f4tes Chiberta\" \/>\n<meta property=\"article:modified_time\" content=\"2019-03-01T09:31:00+00:00\" \/>\n<meta name=\"twitter:card\" content=\"summary_large_image\" \/>\n<meta name=\"twitter:label1\" content=\"Est. reading time\" \/>\n\t<meta name=\"twitter:data1\" content=\"2 minutes\" \/>\n<script type=\"application\/ld+json\" class=\"yoast-schema-graph\">{\"@context\":\"https:\\\/\\\/schema.org\",\"@graph\":[{\"@type\":\"WebPage\",\"@id\":\"https:\\\/\\\/www.chambredhotesanglet.com\\\/stages-pro-golf-pays-basque\\\/\",\"url\":\"https:\\\/\\\/www.chambredhotesanglet.com\\\/stages-pro-golf-pays-basque\\\/\",\"name\":\"Our golf formulas | Maison d&#039;h\u00f4tes Anglet ETCHEBRI Pays Basque - Chambre d&#039;h\u00f4tes Chiberta\",\"isPartOf\":{\"@id\":\"https:\\\/\\\/www.chambredhotesanglet.com\\\/#website\"},\"datePublished\":\"2019-02-27T09:57:16+00:00\",\"dateModified\":\"2019-03-01T09:31:00+00:00\",\"breadcrumb\":{\"@id\":\"https:\\\/\\\/www.chambredhotesanglet.com\\\/stages-pro-golf-pays-basque\\\/#breadcrumb\"},\"inLanguage\":\"en-US\",\"potentialAction\":[{\"@type\":\"ReadAction\",\"target\":[\"https:\\\/\\\/www.chambredhotesanglet.com\\\/stages-pro-golf-pays-basque\\\/\"]}]},{\"@type\":\"BreadcrumbList\",\"@id\":\"https:\\\/\\\/www.chambredhotesanglet.com\\\/stages-pro-golf-pays-basque\\\/#breadcrumb\",\"itemListElement\":[{\"@type\":\"ListItem\",\"position\":1,\"name\":\"Accueil\",\"item\":\"https:\\\/\\\/www.chambredhotesanglet.com\\\/\"},{\"@type\":\"ListItem\",\"position\":2,\"name\":\"Our golf formulas\"}]},{\"@type\":\"WebSite\",\"@id\":\"https:\\\/\\\/www.chambredhotesanglet.com\\\/#website\",\"url\":\"https:\\\/\\\/www.chambredhotesanglet.com\\\/\",\"name\":\"Maison d&#039;h\u00f4tes Anglet ETCHEBRI Pays Basque - Chambre d&#039;h\u00f4tes Chiberta\",\"description\":\"H\u00e9bergement Pays Basque, la Chambre d&#039;h\u00f4tes Etchebri se trouve dans le quartier de Chiberta \u00e0 Anglet, a proximit\u00e9 des golfs du Pays basque\",\"publisher\":{\"@id\":\"https:\\\/\\\/www.chambredhotesanglet.com\\\/#organization\"},\"potentialAction\":[{\"@type\":\"SearchAction\",\"target\":{\"@type\":\"EntryPoint\",\"urlTemplate\":\"https:\\\/\\\/www.chambredhotesanglet.com\\\/?s={search_term_string}\"},\"query-input\":{\"@type\":\"PropertyValueSpecification\",\"valueRequired\":true,\"valueName\":\"search_term_string\"}}],\"inLanguage\":\"en-US\"},{\"@type\":\"Organization\",\"@id\":\"https:\\\/\\\/www.chambredhotesanglet.com\\\/#organization\",\"name\":\"Villa Etchebri\",\"url\":\"https:\\\/\\\/www.chambredhotesanglet.com\\\/\",\"logo\":{\"@type\":\"ImageObject\",\"inLanguage\":\"en-US\",\"@id\":\"https:\\\/\\\/www.chambredhotesanglet.com\\\/#\\\/schema\\\/logo\\\/image\\\/\",\"url\":\"https:\\\/\\\/www.chambredhotesanglet.com\\\/wp-content\\\/uploads\\\/2022\\\/01\\\/Sans-titre-2.png\",\"contentUrl\":\"https:\\\/\\\/www.chambredhotesanglet.com\\\/wp-content\\\/uploads\\\/2022\\\/01\\\/Sans-titre-2.png\",\"width\":9503,\"height\":5741,\"caption\":\"Villa Etchebri\"},\"image\":{\"@id\":\"https:\\\/\\\/www.chambredhotesanglet.com\\\/#\\\/schema\\\/logo\\\/image\\\/\"},\"sameAs\":[\"https:\\\/\\\/www.instagram.com\\\/villaetchebri\\\/?hl=fr\"]}]}<\/script>\n<!-- \/ Yoast SEO plugin. -->","yoast_head_json":{"title":"Our golf formulas | Maison d&#039;h\u00f4tes Anglet ETCHEBRI Pays Basque - Chambre d&#039;h\u00f4tes Chiberta","robots":{"index":"index","follow":"follow","max-snippet":"max-snippet:-1","max-image-preview":"max-image-preview:large","max-video-preview":"max-video-preview:-1"},"canonical":"https:\/\/www.chambredhotesanglet.com\/stages-pro-golf-pays-basque\/","og_locale":"en_US","og_type":"article","og_title":"Our golf formulas | Maison d&#039;h\u00f4tes Anglet ETCHEBRI Pays Basque - Chambre d&#039;h\u00f4tes Chiberta","og_description":"[vc_row full_width=&#8221;stretch_row&#8221; css=&#8221;.vc_custom_1551432656601{margin-top: 10px !important;border-bottom-width: 1px !important;padding-right: 50px !important;padding-left: 50px !important;border-bottom-color: #eeeeee !important;border-bottom-style: solid !important;}&#8221; el_class=&#8221;homepage-intro&#8221;][vc_column css=&#8221;.vc_custom_1544082408014{padding-top: 0px !important;}&#8221;][vc_column_text css=&#8221;.vc_custom_1551261430476{margin-top: 50px !important;}&#8221;]Brigitte Wallon, the ex wife of professional golfer Jean Van de Velde, offers allong with the accomodations in her lovely guest house, golf tours that will satisfy all the golf lover. Whether you wish&hellip;","og_url":"https:\/\/www.chambredhotesanglet.com\/stages-pro-golf-pays-basque\/","og_site_name":"Maison d&#039;h\u00f4tes Anglet ETCHEBRI Pays Basque - Chambre d&#039;h\u00f4tes Chiberta","article_modified_time":"2019-03-01T09:31:00+00:00","twitter_card":"summary_large_image","twitter_misc":{"Est. reading time":"2 minutes"},"schema":{"@context":"https:\/\/schema.org","@graph":[{"@type":"WebPage","@id":"https:\/\/www.chambredhotesanglet.com\/stages-pro-golf-pays-basque\/","url":"https:\/\/www.chambredhotesanglet.com\/stages-pro-golf-pays-basque\/","name":"Our golf formulas | Maison d&#039;h\u00f4tes Anglet ETCHEBRI Pays Basque - Chambre d&#039;h\u00f4tes Chiberta","isPartOf":{"@id":"https:\/\/www.chambredhotesanglet.com\/#website"},"datePublished":"2019-02-27T09:57:16+00:00","dateModified":"2019-03-01T09:31:00+00:00","breadcrumb":{"@id":"https:\/\/www.chambredhotesanglet.com\/stages-pro-golf-pays-basque\/#breadcrumb"},"inLanguage":"en-US","potentialAction":[{"@type":"ReadAction","target":["https:\/\/www.chambredhotesanglet.com\/stages-pro-golf-pays-basque\/"]}]},{"@type":"BreadcrumbList","@id":"https:\/\/www.chambredhotesanglet.com\/stages-pro-golf-pays-basque\/#breadcrumb","itemListElement":[{"@type":"ListItem","position":1,"name":"Accueil","item":"https:\/\/www.chambredhotesanglet.com\/"},{"@type":"ListItem","position":2,"name":"Our golf formulas"}]},{"@type":"WebSite","@id":"https:\/\/www.chambredhotesanglet.com\/#website","url":"https:\/\/www.chambredhotesanglet.com\/","name":"Maison d&#039;h\u00f4tes Anglet ETCHEBRI Pays Basque - Chambre d&#039;h\u00f4tes Chiberta","description":"H\u00e9bergement Pays Basque, la Chambre d&#039;h\u00f4tes Etchebri se trouve dans le quartier de Chiberta \u00e0 Anglet, a proximit\u00e9 des golfs du Pays basque","publisher":{"@id":"https:\/\/www.chambredhotesanglet.com\/#organization"},"potentialAction":[{"@type":"SearchAction","target":{"@type":"EntryPoint","urlTemplate":"https:\/\/www.chambredhotesanglet.com\/?s={search_term_string}"},"query-input":{"@type":"PropertyValueSpecification","valueRequired":true,"valueName":"search_term_string"}}],"inLanguage":"en-US"},{"@type":"Organization","@id":"https:\/\/www.chambredhotesanglet.com\/#organization","name":"Villa Etchebri","url":"https:\/\/www.chambredhotesanglet.com\/","logo":{"@type":"ImageObject","inLanguage":"en-US","@id":"https:\/\/www.chambredhotesanglet.com\/#\/schema\/logo\/image\/","url":"https:\/\/www.chambredhotesanglet.com\/wp-content\/uploads\/2022\/01\/Sans-titre-2.png","contentUrl":"https:\/\/www.chambredhotesanglet.com\/wp-content\/uploads\/2022\/01\/Sans-titre-2.png","width":9503,"height":5741,"caption":"Villa Etchebri"},"image":{"@id":"https:\/\/www.chambredhotesanglet.com\/#\/schema\/logo\/image\/"},"sameAs":["https:\/\/www.instagram.com\/villaetchebri\/?hl=fr"]}]}},"_links":{"self":[{"href":"https:\/\/www.chambredhotesanglet.com\/en\/wp-json\/wp\/v2\/pages\/2684\/"}],"collection":[{"href":"https:\/\/www.chambredhotesanglet.com\/en\/wp-json\/wp\/v2\/pages\/"}],"about":[{"href":"https:\/\/www.chambredhotesanglet.com\/en\/wp-json\/wp\/v2\/types\/page\/"}],"author":[{"embeddable":true,"href":"https:\/\/www.chambredhotesanglet.com\/en\/wp-json\/wp\/v2\/users\/1\/"}],"replies":[{"embeddable":true,"href":"https:\/\/www.chambredhotesanglet.com\/en\/wp-json\/wp\/v2\/comments\/?post=2684"}],"version-history":[{"count":3,"href":"https:\/\/www.chambredhotesanglet.com\/en\/wp-json\/wp\/v2\/pages\/2684\/revisions\/"}],"predecessor-version":[{"id":2861,"href":"https:\/\/www.chambredhotesanglet.com\/en\/wp-json\/wp\/v2\/pages\/2684\/revisions\/2861\/"}],"wp:attachment":[{"href":"https:\/\/www.chambredhotesanglet.com\/en\/wp-json\/wp\/v2\/media\/?parent=2684"}],"curies":[{"name":"wp","href":"https:\/\/api.w.org\/{rel}","templated":true}]}}