{"id":3013,"date":"2018-02-06T14:44:27","date_gmt":"2018-02-06T13:44:27","guid":{"rendered":"https:\/\/www.chambredhotesanglet.com\/etchebri-residences-tourisme-anglet\/"},"modified":"2019-05-09T23:37:00","modified_gmt":"2019-05-09T21:37:00","slug":"etchebri-residences-tourisme-anglet","status":"publish","type":"page","link":"https:\/\/www.chambredhotesanglet.com\/en\/etchebri-residences-tourisme-anglet\/","title":{"rendered":"H\u00e9bergements"},"content":{"rendered":"<p>[vc_row full_width=&#8221;stretch_row&#8221; css=&#8221;.vc_custom_1547372781338{border-bottom-width: 1px !important;border-bottom-color: #eeeeee !important;border-bottom-style: solid !important;}&#8221; el_class=&#8221;homepage-intro&#8221;][vc_column css=&#8221;.vc_custom_1544082187462{margin-bottom: 50px !important;padding-top: 0px !important;}&#8221;][vc_row_inner el_class=&#8221;bloc-real-estate&#8221;][vc_column_inner][vc_column_text el_class=&#8221;text-home&#8221;]Etchebri, in addition to its guest rooms, now offers holiday rentals in Anglet, always with easy access to the beaches and other tourist activities of the Basque Coast, all of which have been carefully chosen and offer you a living environment conducive to a pleasant holiday. Recently renovated, they each have their own specific features, close to the beach, swimming pool, shops&#8230; You will have the opportunity to practice many sports in the surroundings: golf, surfing, hiking&#8230;[\/vc_column_text][vc_column_text]<\/p>\n<h2>Discover the Etchebri holiday rentals in Anglet plage<\/h2>\n<p>[\/vc_column_text][\/vc_column_inner][\/vc_row_inner][vc_row_inner css=&#8221;.vc_custom_1551456125465{margin-top: 20px !important;padding-right: 50px !important;padding-left: 50px !important;}&#8221;][vc_column_inner width=&#8221;1\/3&#8243;][vc_column_text]<img loading=\"lazy\" decoding=\"async\" class=\"size-medium wp-image-2928 aligncenter\" src=\"https:\/\/www.chambredhotesanglet.com\/wp-content\/uploads\/2019\/03\/appartement-location-vacances-anglet-300x300.jpg\" alt=\"\" width=\"300\" height=\"300\" srcset=\"https:\/\/www.chambredhotesanglet.com\/wp-content\/uploads\/2019\/03\/appartement-location-vacances-anglet-300x300.jpg 300w, https:\/\/www.chambredhotesanglet.com\/wp-content\/uploads\/2019\/03\/appartement-location-vacances-anglet-150x150.jpg 150w, https:\/\/www.chambredhotesanglet.com\/wp-content\/uploads\/2019\/03\/appartement-location-vacances-anglet-266x266.jpg 266w, https:\/\/www.chambredhotesanglet.com\/wp-content\/uploads\/2019\/03\/appartement-location-vacances-anglet-220x220.jpg 220w, https:\/\/www.chambredhotesanglet.com\/wp-content\/uploads\/2019\/03\/appartement-location-vacances-anglet.jpg 399w\" sizes=\"auto, (max-width: 300px) 100vw, 300px\" \/>[\/vc_column_text][vc_raw_html]JTIwJTIwJTIwJTIwJTIwJTIwJTIwJTIwJTIwJTIwJTNDYSUyMGhyZWYlM0QlMjIlMkZhcHBhcnRlbWVudC10ZW5kYW5jZS1hdmVjLXBpc2NpbmUtYW5nbGV0JTIyJTNFJTNDaDIlMjBzdHlsZSUzRCUyMnRleHQtYWxpZ24lM0FjZW50ZXIlM0JwYWRkaW5nJTNBMHB4JTIwNXB4JTNCJTIyJTIwY2xhc3MlM0QlMjJibG9nLXBvc3QtdGl0bGUlMjIlM0UlMEElMjAlMjAlMjAlMjAlMjAlMjAlMjAlMjAlMjAlMjAlMjAlMjBUcmVuZHklMjBhcGFydG1lbnQlMjB3aXRoJTIwc3dpbW1pbmclMjBwb29sJTIwaW4lMjBBbmdsZXQlMEElMjAlMjAlMjAlMjAlMjAlMjAlMjAlMjAlMjAlM0MlMkZoMiUzRSUzQyUyRmElM0UlMEE=[\/vc_raw_html][\/vc_column_inner][vc_column_inner width=&#8221;1\/3&#8243;][vc_column_text]<img loading=\"lazy\" decoding=\"async\" class=\"size-medium wp-image-2930 aligncenter\" src=\"https:\/\/www.chambredhotesanglet.com\/wp-content\/uploads\/2019\/03\/studio-location-vacances-anglet-300x300.jpg\" alt=\"\" width=\"300\" height=\"300\" srcset=\"https:\/\/www.chambredhotesanglet.com\/wp-content\/uploads\/2019\/03\/studio-location-vacances-anglet-300x300.jpg 300w, https:\/\/www.chambredhotesanglet.com\/wp-content\/uploads\/2019\/03\/studio-location-vacances-anglet-150x150.jpg 150w, https:\/\/www.chambredhotesanglet.com\/wp-content\/uploads\/2019\/03\/studio-location-vacances-anglet.jpg 399w\" sizes=\"auto, (max-width: 300px) 100vw, 300px\" \/>[\/vc_column_text][vc_raw_html]JTIwJTIwJTNDYSUyMGhyZWYlM0QlMjIlMkZiZWF1LXN0dWRpby1hLWxhLXBsYWdlLWFuZ2xldCUyMiUzRSUzQ2gyJTIwc3R5bGUlM0QlMjJ0ZXh0LWFsaWduJTNBY2VudGVyJTNCcGFkZGluZyUzQTBweCUyMDVweCUzQiUyMiUyMGNsYXNzJTNEJTIyYmxvZy1wb3N0LXRpdGxlJTIyJTNFJTBBJTIwJTIwJTIwJTIwJTIwJTIwJTIwJTIwJTIwJTIwJTIwJTIwQmVhdXRpZnVsJTIwc3R1ZGlvJTIwbmV4dCUyMHRvJTIwQW5nbGV0JTIwYmVhY2glMEElMjAlMjAlMjAlMjAlMjAlMjAlMjAlMjAlMjAlM0MlMkZoMiUzRSUzQyUyRmElM0UlMEElMjAlMjAlMjAlMjAlMjAlMjAlMjA=[\/vc_raw_html][\/vc_column_inner][vc_column_inner width=&#8221;1\/3&#8243;][vc_column_text]<img loading=\"lazy\" decoding=\"async\" class=\"size-medium wp-image-2926 aligncenter\" src=\"https:\/\/www.chambredhotesanglet.com\/wp-content\/uploads\/2019\/03\/appartement-biarritz-location-vacance-300x300.jpg\" alt=\"\" width=\"300\" height=\"300\" srcset=\"https:\/\/www.chambredhotesanglet.com\/wp-content\/uploads\/2019\/03\/appartement-biarritz-location-vacance-300x300.jpg 300w, https:\/\/www.chambredhotesanglet.com\/wp-content\/uploads\/2019\/03\/appartement-biarritz-location-vacance-150x150.jpg 150w, https:\/\/www.chambredhotesanglet.com\/wp-content\/uploads\/2019\/03\/appartement-biarritz-location-vacance.jpg 399w\" sizes=\"auto, (max-width: 300px) 100vw, 300px\" \/>[\/vc_column_text][vc_raw_html]JTIwJTIwJTNDaDIlMjBzdHlsZSUzRCUyMnRleHQtYWxpZ24lM0FjZW50ZXIlM0JwYWRkaW5nJTNBMHB4JTIwNXB4JTNCJTIyJTIwY2xhc3MlM0QlMjJibG9nLXBvc3QtdGl0bGUlMjIlM0UlMEElMjAlMjAlMjAlMjAlMjAlMjAlMjAlMjAlMjAlMjAlMjAlMjBBcGFydG1lbnQlMjBpbiUyMEJpYXJyaXR6JTIwd2l0aCUyMG9jZWFuJTIwdmlldyUwQSUyMCUyMCUyMCUyMCUyMCUyMCUyMCUyMCUyMCUzQyUyRmgyJTNFJTBBJTIwJTIwJTIwJTIwJTIwJTIwJTIwJTIw[\/vc_raw_html][\/vc_column_inner][\/vc_row_inner][vc_row_inner el_class=&#8221;button-contact&#8221; css=&#8221;.vc_custom_1551454871121{margin-top: 30px !important;}&#8221;][vc_column_inner width=&#8221;1\/3&#8243;][vc_raw_html]JTNDYSUyMGhyZWYlM0QlMjIlMkZhcHBhcnRlbWVudC10ZW5kYW5jZS1hdmVjLXBpc2NpbmUtYW5nbGV0JTIyJTIwaWQlM0QlMjJ0cGJyX2NhbGx0b2FjdGlvbiUyMiUyMHN0eWxlJTNEJTIyYmFja2dyb3VuZCUzQSUyMzQ0NmE3ZCUzQiUyMGRpc3BsYXklM0FpbmxpbmUtYmxvY2slM0IlMjBwYWRkaW5nJTNBMnB4JTIwMTBweCUyMDFweCUzQiUyMGNvbG9yJTNBd2hpdGUlM0IlMjB0ZXh0LWRlY29yYXRpb24lM0Fub25lJTNCJTIwbWFyZ2luJTNBJTIwMHB4JTIwMHB4JTIwMHB4JTNCYm9yZGVyLXJhZGl1cyUzQTNweCUzQiUyMGxpbmUtaGVpZ2h0JTNBMzhweCUzQiUyMiUzRURJU0NPVkVSJTNDJTJGYSUzRQ==[\/vc_raw_html][\/vc_column_inner][vc_column_inner width=&#8221;1\/3&#8243;][vc_raw_html]JTNDYSUyMGhyZWYlM0QlMjIlMkZiZWF1LXN0dWRpby1hLWxhLXBsYWdlLWFuZ2xldCUyRiUyMiUyMGlkJTNEJTIydHBicl9jYWxsdG9hY3Rpb24lMjIlMjBzdHlsZSUzRCUyMmJhY2tncm91bmQlM0ElMjM0NDZhN2QlM0IlMjBkaXNwbGF5JTNBaW5saW5lLWJsb2NrJTNCJTIwcGFkZGluZyUzQTJweCUyMDEwcHglMjAxcHglM0IlMjBjb2xvciUzQXdoaXRlJTNCJTIwdGV4dC1kZWNvcmF0aW9uJTNBbm9uZSUzQiUyMG1hcmdpbiUzQSUyMDBweCUyMDBweCUyMDBweCUzQmJvcmRlci1yYWRpdXMlM0EzcHglM0IlMjBsaW5lLWhlaWdodCUzQTM4cHglM0IlMjIlM0VESVNDT1ZFUiUzQyUyRmElM0U=[\/vc_raw_html][\/vc_column_inner][vc_column_inner width=&#8221;1\/3&#8243;][vc_raw_html]JTNDYSUyMGhyZWYlM0QlMjIlMjMlMjIlMjBpZCUzRCUyMnRwYnJfY2FsbHRvYWN0aW9uJTIyJTIwc3R5bGUlM0QlMjJiYWNrZ3JvdW5kJTNBJTIzNDQ2YTdkJTNCJTIwZGlzcGxheSUzQWlubGluZS1ibG9jayUzQiUyMHBhZGRpbmclM0EycHglMjAxMHB4JTIwMXB4JTNCJTIwY29sb3IlM0F3aGl0ZSUzQiUyMHRleHQtZGVjb3JhdGlvbiUzQW5vbmUlM0IlMjBtYXJnaW4lM0ElMjAwcHglMjAwcHglMjAwcHglM0Jib3JkZXItcmFkaXVzJTNBM3B4JTNCJTIwbGluZS1oZWlnaHQlM0EzOHB4JTNCJTIyJTNFQ09NSU5HJTIwU09PTiUzQyUyRmElM0U=[\/vc_raw_html][\/vc_column_inner][\/vc_row_inner][\/vc_column][\/vc_row][vc_row][vc_column el_class=&#8221;insta-slider&#8221;][vc_widget_sidebar sidebar_id=&#8221;jr-insta-shortcodes&#8221;][\/vc_column][\/vc_row]<\/p>\n","protected":false},"excerpt":{"rendered":"<p>[vc_row full_width=&#8221;stretch_row&#8221; css=&#8221;.vc_custom_1547372781338{border-bottom-width: 1px !important;border-bottom-color: #eeeeee !important;border-bottom-style: solid !important;}&#8221; el_class=&#8221;homepage-intro&#8221;][vc_column css=&#8221;.vc_custom_1544082187462{margin-bottom: 50px !important;padding-top: 0px !important;}&#8221;][vc_row_inner el_class=&#8221;bloc-real-estate&#8221;][vc_column_inner][vc_column_text el_class=&#8221;text-home&#8221;]Etchebri, in addition to its guest rooms, now offers holiday rentals in Anglet, always with easy access to the beaches and other tourist activities of the Basque Coast, all of which have been carefully chosen and offer you a&hellip;<\/p>\n","protected":false},"author":1,"featured_media":0,"parent":0,"menu_order":0,"comment_status":"closed","ping_status":"closed","template":"","meta":{"ngg_post_thumbnail":0,"footnotes":""},"class_list":["post-3013","page","type-page","status-publish","hentry"],"yoast_head":"<!-- This site is optimized with the Yoast SEO plugin v27.3 - https:\/\/yoast.com\/product\/yoast-seo-wordpress\/ -->\n<title>H\u00e9bergements | Maison d&#039;h\u00f4tes Anglet ETCHEBRI Pays Basque - Chambre d&#039;h\u00f4tes Chiberta<\/title>\n<meta name=\"robots\" content=\"index, follow, max-snippet:-1, max-image-preview:large, max-video-preview:-1\" \/>\n<link rel=\"canonical\" href=\"https:\/\/www.chambredhotesanglet.com\/etchebri-residences-tourisme-anglet\/\" \/>\n<meta property=\"og:locale\" content=\"en_US\" \/>\n<meta property=\"og:type\" content=\"article\" \/>\n<meta property=\"og:title\" content=\"H\u00e9bergements | Maison d&#039;h\u00f4tes Anglet ETCHEBRI Pays Basque - Chambre d&#039;h\u00f4tes Chiberta\" \/>\n<meta property=\"og:description\" content=\"[vc_row full_width=&#8221;stretch_row&#8221; css=&#8221;.vc_custom_1547372781338{border-bottom-width: 1px !important;border-bottom-color: #eeeeee !important;border-bottom-style: solid !important;}&#8221; el_class=&#8221;homepage-intro&#8221;][vc_column css=&#8221;.vc_custom_1544082187462{margin-bottom: 50px !important;padding-top: 0px !important;}&#8221;][vc_row_inner el_class=&#8221;bloc-real-estate&#8221;][vc_column_inner][vc_column_text el_class=&#8221;text-home&#8221;]Etchebri, in addition to its guest rooms, now offers holiday rentals in Anglet, always with easy access to the beaches and other tourist activities of the Basque Coast, all of which have been carefully chosen and offer you a&hellip;\" \/>\n<meta property=\"og:url\" content=\"https:\/\/www.chambredhotesanglet.com\/etchebri-residences-tourisme-anglet\/\" \/>\n<meta property=\"og:site_name\" content=\"Maison d&#039;h\u00f4tes Anglet ETCHEBRI Pays Basque - Chambre d&#039;h\u00f4tes Chiberta\" \/>\n<meta property=\"article:modified_time\" content=\"2019-05-09T21:37:00+00:00\" \/>\n<meta property=\"og:image\" content=\"https:\/\/www.chambredhotesanglet.com\/wp-content\/uploads\/2019\/03\/appartement-location-vacances-anglet-300x300.jpg\" \/>\n<meta name=\"twitter:card\" content=\"summary_large_image\" \/>\n<meta name=\"twitter:label1\" content=\"Est. reading time\" \/>\n\t<meta name=\"twitter:data1\" content=\"2 minutes\" \/>\n<script type=\"application\/ld+json\" class=\"yoast-schema-graph\">{\"@context\":\"https:\\\/\\\/schema.org\",\"@graph\":[{\"@type\":\"WebPage\",\"@id\":\"https:\\\/\\\/www.chambredhotesanglet.com\\\/etchebri-residences-tourisme-anglet\\\/\",\"url\":\"https:\\\/\\\/www.chambredhotesanglet.com\\\/etchebri-residences-tourisme-anglet\\\/\",\"name\":\"H\u00e9bergements | Maison d&#039;h\u00f4tes Anglet ETCHEBRI Pays Basque - Chambre d&#039;h\u00f4tes Chiberta\",\"isPartOf\":{\"@id\":\"https:\\\/\\\/www.chambredhotesanglet.com\\\/#website\"},\"primaryImageOfPage\":{\"@id\":\"https:\\\/\\\/www.chambredhotesanglet.com\\\/etchebri-residences-tourisme-anglet\\\/#primaryimage\"},\"image\":{\"@id\":\"https:\\\/\\\/www.chambredhotesanglet.com\\\/etchebri-residences-tourisme-anglet\\\/#primaryimage\"},\"thumbnailUrl\":\"https:\\\/\\\/www.chambredhotesanglet.com\\\/wp-content\\\/uploads\\\/2019\\\/03\\\/appartement-location-vacances-anglet-300x300.jpg\",\"datePublished\":\"2018-02-06T13:44:27+00:00\",\"dateModified\":\"2019-05-09T21:37:00+00:00\",\"breadcrumb\":{\"@id\":\"https:\\\/\\\/www.chambredhotesanglet.com\\\/etchebri-residences-tourisme-anglet\\\/#breadcrumb\"},\"inLanguage\":\"en-US\",\"potentialAction\":[{\"@type\":\"ReadAction\",\"target\":[\"https:\\\/\\\/www.chambredhotesanglet.com\\\/etchebri-residences-tourisme-anglet\\\/\"]}]},{\"@type\":\"ImageObject\",\"inLanguage\":\"en-US\",\"@id\":\"https:\\\/\\\/www.chambredhotesanglet.com\\\/etchebri-residences-tourisme-anglet\\\/#primaryimage\",\"url\":\"https:\\\/\\\/www.chambredhotesanglet.com\\\/wp-content\\\/uploads\\\/2019\\\/03\\\/appartement-location-vacances-anglet-300x300.jpg\",\"contentUrl\":\"https:\\\/\\\/www.chambredhotesanglet.com\\\/wp-content\\\/uploads\\\/2019\\\/03\\\/appartement-location-vacances-anglet-300x300.jpg\"},{\"@type\":\"BreadcrumbList\",\"@id\":\"https:\\\/\\\/www.chambredhotesanglet.com\\\/etchebri-residences-tourisme-anglet\\\/#breadcrumb\",\"itemListElement\":[{\"@type\":\"ListItem\",\"position\":1,\"name\":\"Accueil\",\"item\":\"https:\\\/\\\/www.chambredhotesanglet.com\\\/\"},{\"@type\":\"ListItem\",\"position\":2,\"name\":\"H\u00e9bergements\"}]},{\"@type\":\"WebSite\",\"@id\":\"https:\\\/\\\/www.chambredhotesanglet.com\\\/#website\",\"url\":\"https:\\\/\\\/www.chambredhotesanglet.com\\\/\",\"name\":\"Maison d&#039;h\u00f4tes Anglet ETCHEBRI Pays Basque - Chambre d&#039;h\u00f4tes Chiberta\",\"description\":\"H\u00e9bergement Pays Basque, la Chambre d&#039;h\u00f4tes Etchebri se trouve dans le quartier de Chiberta \u00e0 Anglet, a proximit\u00e9 des golfs du Pays basque\",\"publisher\":{\"@id\":\"https:\\\/\\\/www.chambredhotesanglet.com\\\/#organization\"},\"potentialAction\":[{\"@type\":\"SearchAction\",\"target\":{\"@type\":\"EntryPoint\",\"urlTemplate\":\"https:\\\/\\\/www.chambredhotesanglet.com\\\/?s={search_term_string}\"},\"query-input\":{\"@type\":\"PropertyValueSpecification\",\"valueRequired\":true,\"valueName\":\"search_term_string\"}}],\"inLanguage\":\"en-US\"},{\"@type\":\"Organization\",\"@id\":\"https:\\\/\\\/www.chambredhotesanglet.com\\\/#organization\",\"name\":\"Villa Etchebri\",\"url\":\"https:\\\/\\\/www.chambredhotesanglet.com\\\/\",\"logo\":{\"@type\":\"ImageObject\",\"inLanguage\":\"en-US\",\"@id\":\"https:\\\/\\\/www.chambredhotesanglet.com\\\/#\\\/schema\\\/logo\\\/image\\\/\",\"url\":\"https:\\\/\\\/www.chambredhotesanglet.com\\\/wp-content\\\/uploads\\\/2022\\\/01\\\/Sans-titre-2.png\",\"contentUrl\":\"https:\\\/\\\/www.chambredhotesanglet.com\\\/wp-content\\\/uploads\\\/2022\\\/01\\\/Sans-titre-2.png\",\"width\":9503,\"height\":5741,\"caption\":\"Villa Etchebri\"},\"image\":{\"@id\":\"https:\\\/\\\/www.chambredhotesanglet.com\\\/#\\\/schema\\\/logo\\\/image\\\/\"},\"sameAs\":[\"https:\\\/\\\/www.instagram.com\\\/villaetchebri\\\/?hl=fr\"]}]}<\/script>\n<!-- \/ Yoast SEO plugin. -->","yoast_head_json":{"title":"H\u00e9bergements | Maison d&#039;h\u00f4tes Anglet ETCHEBRI Pays Basque - Chambre d&#039;h\u00f4tes Chiberta","robots":{"index":"index","follow":"follow","max-snippet":"max-snippet:-1","max-image-preview":"max-image-preview:large","max-video-preview":"max-video-preview:-1"},"canonical":"https:\/\/www.chambredhotesanglet.com\/etchebri-residences-tourisme-anglet\/","og_locale":"en_US","og_type":"article","og_title":"H\u00e9bergements | Maison d&#039;h\u00f4tes Anglet ETCHEBRI Pays Basque - Chambre d&#039;h\u00f4tes Chiberta","og_description":"[vc_row full_width=&#8221;stretch_row&#8221; css=&#8221;.vc_custom_1547372781338{border-bottom-width: 1px !important;border-bottom-color: #eeeeee !important;border-bottom-style: solid !important;}&#8221; el_class=&#8221;homepage-intro&#8221;][vc_column css=&#8221;.vc_custom_1544082187462{margin-bottom: 50px !important;padding-top: 0px !important;}&#8221;][vc_row_inner el_class=&#8221;bloc-real-estate&#8221;][vc_column_inner][vc_column_text el_class=&#8221;text-home&#8221;]Etchebri, in addition to its guest rooms, now offers holiday rentals in Anglet, always with easy access to the beaches and other tourist activities of the Basque Coast, all of which have been carefully chosen and offer you a&hellip;","og_url":"https:\/\/www.chambredhotesanglet.com\/etchebri-residences-tourisme-anglet\/","og_site_name":"Maison d&#039;h\u00f4tes Anglet ETCHEBRI Pays Basque - Chambre d&#039;h\u00f4tes Chiberta","article_modified_time":"2019-05-09T21:37:00+00:00","og_image":[{"url":"https:\/\/www.chambredhotesanglet.com\/wp-content\/uploads\/2019\/03\/appartement-location-vacances-anglet-300x300.jpg","type":"","width":"","height":""}],"twitter_card":"summary_large_image","twitter_misc":{"Est. reading time":"2 minutes"},"schema":{"@context":"https:\/\/schema.org","@graph":[{"@type":"WebPage","@id":"https:\/\/www.chambredhotesanglet.com\/etchebri-residences-tourisme-anglet\/","url":"https:\/\/www.chambredhotesanglet.com\/etchebri-residences-tourisme-anglet\/","name":"H\u00e9bergements | Maison d&#039;h\u00f4tes Anglet ETCHEBRI Pays Basque - Chambre d&#039;h\u00f4tes Chiberta","isPartOf":{"@id":"https:\/\/www.chambredhotesanglet.com\/#website"},"primaryImageOfPage":{"@id":"https:\/\/www.chambredhotesanglet.com\/etchebri-residences-tourisme-anglet\/#primaryimage"},"image":{"@id":"https:\/\/www.chambredhotesanglet.com\/etchebri-residences-tourisme-anglet\/#primaryimage"},"thumbnailUrl":"https:\/\/www.chambredhotesanglet.com\/wp-content\/uploads\/2019\/03\/appartement-location-vacances-anglet-300x300.jpg","datePublished":"2018-02-06T13:44:27+00:00","dateModified":"2019-05-09T21:37:00+00:00","breadcrumb":{"@id":"https:\/\/www.chambredhotesanglet.com\/etchebri-residences-tourisme-anglet\/#breadcrumb"},"inLanguage":"en-US","potentialAction":[{"@type":"ReadAction","target":["https:\/\/www.chambredhotesanglet.com\/etchebri-residences-tourisme-anglet\/"]}]},{"@type":"ImageObject","inLanguage":"en-US","@id":"https:\/\/www.chambredhotesanglet.com\/etchebri-residences-tourisme-anglet\/#primaryimage","url":"https:\/\/www.chambredhotesanglet.com\/wp-content\/uploads\/2019\/03\/appartement-location-vacances-anglet-300x300.jpg","contentUrl":"https:\/\/www.chambredhotesanglet.com\/wp-content\/uploads\/2019\/03\/appartement-location-vacances-anglet-300x300.jpg"},{"@type":"BreadcrumbList","@id":"https:\/\/www.chambredhotesanglet.com\/etchebri-residences-tourisme-anglet\/#breadcrumb","itemListElement":[{"@type":"ListItem","position":1,"name":"Accueil","item":"https:\/\/www.chambredhotesanglet.com\/"},{"@type":"ListItem","position":2,"name":"H\u00e9bergements"}]},{"@type":"WebSite","@id":"https:\/\/www.chambredhotesanglet.com\/#website","url":"https:\/\/www.chambredhotesanglet.com\/","name":"Maison d&#039;h\u00f4tes Anglet ETCHEBRI Pays Basque - Chambre d&#039;h\u00f4tes Chiberta","description":"H\u00e9bergement Pays Basque, la Chambre d&#039;h\u00f4tes Etchebri se trouve dans le quartier de Chiberta \u00e0 Anglet, a proximit\u00e9 des golfs du Pays basque","publisher":{"@id":"https:\/\/www.chambredhotesanglet.com\/#organization"},"potentialAction":[{"@type":"SearchAction","target":{"@type":"EntryPoint","urlTemplate":"https:\/\/www.chambredhotesanglet.com\/?s={search_term_string}"},"query-input":{"@type":"PropertyValueSpecification","valueRequired":true,"valueName":"search_term_string"}}],"inLanguage":"en-US"},{"@type":"Organization","@id":"https:\/\/www.chambredhotesanglet.com\/#organization","name":"Villa Etchebri","url":"https:\/\/www.chambredhotesanglet.com\/","logo":{"@type":"ImageObject","inLanguage":"en-US","@id":"https:\/\/www.chambredhotesanglet.com\/#\/schema\/logo\/image\/","url":"https:\/\/www.chambredhotesanglet.com\/wp-content\/uploads\/2022\/01\/Sans-titre-2.png","contentUrl":"https:\/\/www.chambredhotesanglet.com\/wp-content\/uploads\/2022\/01\/Sans-titre-2.png","width":9503,"height":5741,"caption":"Villa Etchebri"},"image":{"@id":"https:\/\/www.chambredhotesanglet.com\/#\/schema\/logo\/image\/"},"sameAs":["https:\/\/www.instagram.com\/villaetchebri\/?hl=fr"]}]}},"_links":{"self":[{"href":"https:\/\/www.chambredhotesanglet.com\/en\/wp-json\/wp\/v2\/pages\/3013\/"}],"collection":[{"href":"https:\/\/www.chambredhotesanglet.com\/en\/wp-json\/wp\/v2\/pages\/"}],"about":[{"href":"https:\/\/www.chambredhotesanglet.com\/en\/wp-json\/wp\/v2\/types\/page\/"}],"author":[{"embeddable":true,"href":"https:\/\/www.chambredhotesanglet.com\/en\/wp-json\/wp\/v2\/users\/1\/"}],"replies":[{"embeddable":true,"href":"https:\/\/www.chambredhotesanglet.com\/en\/wp-json\/wp\/v2\/comments\/?post=3013"}],"version-history":[{"count":6,"href":"https:\/\/www.chambredhotesanglet.com\/en\/wp-json\/wp\/v2\/pages\/3013\/revisions\/"}],"predecessor-version":[{"id":3458,"href":"https:\/\/www.chambredhotesanglet.com\/en\/wp-json\/wp\/v2\/pages\/3013\/revisions\/3458\/"}],"wp:attachment":[{"href":"https:\/\/www.chambredhotesanglet.com\/en\/wp-json\/wp\/v2\/media\/?parent=3013"}],"curies":[{"name":"wp","href":"https:\/\/api.w.org\/{rel}","templated":true}]}}