{"id":3348,"date":"2019-05-03T12:32:52","date_gmt":"2019-05-03T10:32:52","guid":{"rendered":"https:\/\/www.chambredhotesanglet.com\/?page_id=3348"},"modified":"2019-05-10T08:51:12","modified_gmt":"2019-05-10T06:51:12","slug":"beau-studio-a-la-plage-anglet","status":"publish","type":"page","link":"https:\/\/www.chambredhotesanglet.com\/en\/beau-studio-a-la-plage-anglet\/","title":{"rendered":"Beau Studio \u00e0 la Plage &#8211; Anglet pr\u00e8s de Biarritz"},"content":{"rendered":"<p>[vc_row full_width=&#8221;stretch_row&#8221; css=&#8221;.vc_custom_1547372781338{border-bottom-width: 1px !important;border-bottom-color: #eeeeee !important;border-bottom-style: solid !important;}&#8221; el_class=&#8221;homepage-intro&#8221;][vc_column css=&#8221;.vc_custom_1553187027163{margin-bottom: 0px !important;padding-top: 0px !important;}&#8221;][vc_row_inner][vc_column_inner width=&#8221;1\/2&#8243;][vc_gallery interval=&#8221;3&#8243; images=&#8221;3355,3359,3361,3363,3365,3367,3369,3373,3375&#8243; img_size=&#8221;full&#8221;][\/vc_column_inner][vc_column_inner width=&#8221;1\/2&#8243;][vc_column_text]<\/p>\n<div id=\"summary\" class=\"\" data-et-mouseenter=\"customGoal:BUeeZaTaTaBEKMPXLae:1 customGoal:BUeeHNSPdMPISWXGBbLPYO:1 customGoal:BUeeHNSPBAHT:1 customGoal:BUeeHNSPBAcZGPHe:1 customGoal:BUeeHNSPCaASBaRDSGEXO:1 customGoal:BUeeZdbaBMRbBYWKOBLHXT:1 customGoal:BUeeHNSPVfHXe:1\" data-et-click=\"customGoal:BUeeZaTaTaBEKMPXLae:2 customGoal:BUeeHNSPdMPISWXGBbLPYO:2 customGoal:BUeeHNSPBAHT:2 customGoal:BUeeHNSPBAcZGPHe:2 customGoal:BUeeHNSPCaASBaRDSGEXO:2 customGoal:BUeeZdbaBMRbBYWKOBLHXT:2 customGoal:BUeeHNSPVfHXe:2\">\n<div id=\"property_description_content\">\n<p>Cet h\u00e9bergement \u00e0 la d\u00e9coration moderne et contemporaine poss\u00e8de un acc\u00e8s direct \u00e0 la plage des Sables d&#8217;Or et tous ses commerces et restaurants. Il est id\u00e9alement situ\u00e9 \u00e0 Anglet, \u00e0 3,9 km de UPPA et \u00e0 5 km de la Chambre de Commerce et d&#8217;Industrie Bayonne Pays Basque.<\/p>\n<p>Cet appartement d&#8217;un grand confort comprend une chambre ainsi qu&#8217;une cuisine \u00e9quip\u00e9e d&#8217;un lave-vaisselle, d&#8217;un micro-ondes et d&#8217;une machine \u00e0 caf\u00e9. La salle de bains est pourvue d&#8217;une douche, d&#8217;un lave-linge, d&#8217;un s\u00e8che-cheveux et d&#8217;articles de toilette gratuits.<\/p>\n<p>Cet \u00e9tablissement en bord de mer b\u00e9n\u00e9ficie d&#8217;une terrasse et d&#8217;une connexion Wi-Fi gratuite.<\/p>\n<\/div>\n<\/div>\n<p>[\/vc_column_text][vc_column_text el_class=&#8221;text-home&#8221;]<\/p>\n<div id=\"summary\" class=\"\" data-et-mouseenter=\"customGoal:BUeeZaTaTaBEKMPXLae:1 customGoal:BUeeHNSPdMPISWXGBbLPYO:1 customGoal:BUeeHNSPBAHT:1 customGoal:BUeeHNSPBAcZGPHe:1 customGoal:BUeeHNSPCaASBaRDSGEXO:1 customGoal:BUeeZdbaBMRbBYWKOBLHXT:1 customGoal:BUeeHNSPVfHXe:1\" data-et-click=\"customGoal:BUeeZaTaTaBEKMPXLae:2 customGoal:BUeeHNSPdMPISWXGBbLPYO:2 customGoal:BUeeHNSPBAHT:2 customGoal:BUeeHNSPBAcZGPHe:2 customGoal:BUeeHNSPCaASBaRDSGEXO:2 customGoal:BUeeZdbaBMRbBYWKOBLHXT:2 customGoal:BUeeHNSPVfHXe:2\">\n<div id=\"property_description_content\">\n<p>Lors de votre s\u00e9jour, vous pourrez profiter d&#8217;une piscine ext\u00e9rieure ouverte en saison et d&#8217;un jardin.<\/p>\n<p>La r\u00e9gion est pris\u00e9e des amateurs de v\u00e9lo et de p\u00eache.<\/p>\n<div id=\"summary\" class=\"\" data-et-mouseenter=\"customGoal:BUeeZaTaTaBEKMPXLae:1 customGoal:BUeeHNSPdMPISWXGBbLPYO:1 customGoal:BUeeHNSPBAHT:1 customGoal:BUeeHNSPBAcZGPHe:1 customGoal:BUeeHNSPCaASBaRDSGEXO:1 customGoal:BUeeZdbaBMRbBYWKOBLHXT:1 customGoal:BUeeHNSPVfHXe:1\" data-et-click=\"customGoal:BUeeZaTaTaBEKMPXLae:2 customGoal:BUeeHNSPdMPISWXGBbLPYO:2 customGoal:BUeeHNSPBAHT:2 customGoal:BUeeHNSPBAcZGPHe:2 customGoal:BUeeHNSPCaASBaRDSGEXO:2 customGoal:BUeeZdbaBMRbBYWKOBLHXT:2 customGoal:BUeeHNSPVfHXe:2\">\n<div id=\"property_description_content\">\n<p>Le campus de Bayonne de l&#8217;\u00e9cole de commerce Kedge se trouve \u00e0 6 km du Beau Studio \u00e0 la Plage. L&#8217;a\u00e9roport de Biarritz, le plus proche, est implant\u00e9 \u00e0 5 km.<\/p>\n<\/div>\n<\/div>\n<\/div>\n<\/div>\n<p>[\/vc_column_text][\/vc_column_inner][\/vc_row_inner][\/vc_column][\/vc_row][vc_row full_width=&#8221;stretch_row&#8221; css=&#8221;.vc_custom_1551451402161{margin-top: 0px !important;margin-bottom: 50px !important;border-bottom-width: 1px !important;padding-right: 50px !important;padding-left: 50px !important;border-bottom-color: #eeeeee !important;border-bottom-style: solid !important;}&#8221; el_class=&#8221;homepage-intro&#8221;][vc_column css=&#8221;.vc_custom_1548264422233{margin-bottom: 0px !important;padding-top: 0px !important;}&#8221;][vc_row_inner][vc_column_inner width=&#8221;2\/3&#8243; css=&#8221;.vc_custom_1551450999838{margin-top: 30px !important;}&#8221;][vc_column_text el_class=&#8221;text-home&#8221;]<\/p>\n<h2>R\u00e9servez cette location de vacances directement en ligne<\/h2>\n<p>ou par t\u00e9l\u00e9phone au\u00a0<a href=\"tel:0673533648\">+33 (0)6 73 53 36 48<\/a> ou <a href=\"tel:0559204006\">+33 (0)5 59 20 40 06<\/a><\/p>\n<p>V\u00e9rifiez nos offres en cours et nos disponibilit\u00e9s :[\/vc_column_text][vc_column_text el_class=&#8221;text-home&#8221;]<\/p>\n<div id=\"f2b-widget\"><script src=\"https:\/\/www.freetobook.com\/affiliates\/dynamicWidget\/js\/widget-js.php?w_id=32302&amp;w_tkn=0qyJ32tMb1Q6Fji4eSyiwdMXQ3wUDLECC07uaGAoowvXdrQcKRgeYicJZMN0G&amp;w_new=1\" type=\"text\/javascript\"><\/script><\/div>\n<p>[\/vc_column_text][vc_column_text el_class=&#8221;text-home&#8221;]&gt; <a href=\"https:\/\/www.chambredhotesanglet.com\/wp-content\/uploads\/2019\/02\/Conditions-ge\u0301ne\u0301rales-Etchebri-2018.pdf\">Voir les conditions g\u00e9n\u00e9rales de r\u00e9servation<\/a>[\/vc_column_text][\/vc_column_inner][vc_column_inner width=&#8221;1\/3&#8243; css=&#8221;.vc_custom_1551520979649{background-color: #63899c !important;}&#8221;]<div role=\"form\" class=\"wpcf7\" id=\"wpcf7-f3314-o1\" lang=\"fr-FR\" dir=\"ltr\">\n<div class=\"screen-reader-response\"><p role=\"status\" aria-live=\"polite\" aria-atomic=\"true\"><\/p> <ul><\/ul><\/div>\n<form action=\"\/en\/wp-json\/wp\/v2\/pages\/3348\/#wpcf7-f3314-o1\" method=\"post\" class=\"wpcf7-form init\" novalidate=\"novalidate\" data-status=\"init\">\n<div style=\"display: none;\">\n<input type=\"hidden\" name=\"_wpcf7\" value=\"3314\" \/>\n<input type=\"hidden\" name=\"_wpcf7_version\" value=\"5.5.6\" \/>\n<input type=\"hidden\" name=\"_wpcf7_locale\" value=\"fr_FR\" \/>\n<input type=\"hidden\" name=\"_wpcf7_unit_tag\" value=\"wpcf7-f3314-o1\" \/>\n<input type=\"hidden\" name=\"_wpcf7_container_post\" value=\"0\" \/>\n<input type=\"hidden\" name=\"_wpcf7_posted_data_hash\" value=\"\" \/>\n<input type=\"hidden\" name=\"_wpcf7_recaptcha_response\" value=\"\" \/>\n<\/div>\n<p>Pour toute demande d'information, veuillez nous laisser un message \u00e0 l'aide du formulaire de contact suivant :<br \/>\n<br><br \/>\n<label> Votre nom (obligatoire)<br \/>\n    <span class=\"wpcf7-form-control-wrap your-name\"><input type=\"text\" name=\"your-name\" value=\"\" size=\"40\" class=\"wpcf7-form-control wpcf7-text wpcf7-validates-as-required\" aria-required=\"true\" aria-invalid=\"false\" \/><\/span> <\/label><\/p>\n<p><label> Votre adresse de messagerie (obligatoire)<br \/>\n    <span class=\"wpcf7-form-control-wrap your-email\"><input type=\"email\" name=\"your-email\" value=\"\" size=\"40\" class=\"wpcf7-form-control wpcf7-text wpcf7-email wpcf7-validates-as-required wpcf7-validates-as-email\" aria-required=\"true\" aria-invalid=\"false\" \/><\/span> <\/label><\/p>\n<p><label> Votre message<br \/>\n    <span class=\"wpcf7-form-control-wrap your-message\"><textarea name=\"your-message\" cols=\"40\" rows=\"10\" class=\"wpcf7-form-control wpcf7-textarea\" aria-invalid=\"false\"><\/textarea><\/span> <\/label><\/p>\n<p class=\"recaptcha-block\">\n<span class=\"wpcf7-form-control-wrap recaptcha\"><span data-sitekey=\"6LfCa5UUAAAAAO3zfVo8HaUqpR0Pjqku-xqdO9mb\" class=\"wpcf7-form-control g-recaptcha wpcf7-recaptcha\"><\/span>\r\n<noscript>\r\n\t<div class=\"grecaptcha-noscript\">\r\n\t\t<iframe loading=\"lazy\" src=\"https:\/\/www.google.com\/recaptcha\/api\/fallback?k=6LfCa5UUAAAAAO3zfVo8HaUqpR0Pjqku-xqdO9mb\" frameborder=\"0\" scrolling=\"no\" width=\"310\" height=\"430\">\r\n\t\t<\/iframe>\r\n\t\t<textarea name=\"g-recaptcha-response\" rows=\"3\" cols=\"40\" placeholder=\"reCaptcha Response Here\">\r\n\t\t<\/textarea>\r\n\t<\/div>\r\n<\/noscript>\r\n<\/span>\n<p><input type=\"submit\" value=\"Envoyer\" class=\"wpcf7-form-control has-spinner wpcf7-submit\" \/><\/p>\n<p style=\"display: none !important;\"><label>&#916;<textarea name=\"_wpcf7_ak_hp_textarea\" cols=\"45\" rows=\"8\" maxlength=\"100\"><\/textarea><\/label><input type=\"hidden\" id=\"ak_js_1\" name=\"_wpcf7_ak_js\" value=\"17\"\/><script>document.getElementById( \"ak_js_1\" ).setAttribute( \"value\", ( new Date() ).getTime() );<\/script><\/p><div class=\"wpcf7-response-output\" aria-hidden=\"true\"><\/div><\/form><\/div>[\/vc_column_inner][\/vc_row_inner][\/vc_column][\/vc_row][vc_row][vc_column el_class=&#8221;insta-slider&#8221;][vc_widget_sidebar sidebar_id=&#8221;jr-insta-shortcodes&#8221;][\/vc_column][\/vc_row]<\/p>\n","protected":false},"excerpt":{"rendered":"<p>[vc_row full_width=&#8221;stretch_row&#8221; css=&#8221;.vc_custom_1547372781338{border-bottom-width: 1px !important;border-bottom-color: #eeeeee !important;border-bottom-style: solid !important;}&#8221; el_class=&#8221;homepage-intro&#8221;][vc_column css=&#8221;.vc_custom_1553187027163{margin-bottom: 0px !important;padding-top: 0px !important;}&#8221;][vc_row_inner][vc_column_inner width=&#8221;1\/2&#8243;][vc_gallery interval=&#8221;3&#8243; images=&#8221;3355,3359,3361,3363,3365,3367,3369,3373,3375&#8243; img_size=&#8221;full&#8221;][\/vc_column_inner][vc_column_inner width=&#8221;1\/2&#8243;][vc_column_text] Cet h\u00e9bergement \u00e0 la d\u00e9coration moderne et contemporaine poss\u00e8de un acc\u00e8s direct \u00e0 la plage des Sables d&#8217;Or et tous ses commerces et restaurants. Il est id\u00e9alement situ\u00e9 \u00e0 Anglet, \u00e0 3,9 km de UPPA&hellip;<\/p>\n","protected":false},"author":1,"featured_media":0,"parent":0,"menu_order":0,"comment_status":"closed","ping_status":"closed","template":"","meta":{"ngg_post_thumbnail":0,"footnotes":""},"class_list":["post-3348","page","type-page","status-publish","hentry"],"yoast_head":"<!-- This site is optimized with the Yoast SEO plugin v27.3 - https:\/\/yoast.com\/product\/yoast-seo-wordpress\/ -->\n<title>Beau Studio \u00e0 la Plage - Anglet pr\u00e8s de Biarritz | R\u00e9sidence Etchebri<\/title>\n<meta name=\"robots\" content=\"index, follow, max-snippet:-1, max-image-preview:large, max-video-preview:-1\" \/>\n<link rel=\"canonical\" href=\"https:\/\/www.chambredhotesanglet.com\/beau-studio-a-la-plage-anglet\/\" \/>\n<meta property=\"og:locale\" content=\"en_US\" \/>\n<meta property=\"og:type\" content=\"article\" \/>\n<meta property=\"og:title\" content=\"Beau Studio \u00e0 la Plage - Anglet pr\u00e8s de Biarritz | R\u00e9sidence Etchebri\" \/>\n<meta property=\"og:description\" content=\"[vc_row full_width=&#8221;stretch_row&#8221; css=&#8221;.vc_custom_1547372781338{border-bottom-width: 1px !important;border-bottom-color: #eeeeee !important;border-bottom-style: solid !important;}&#8221; el_class=&#8221;homepage-intro&#8221;][vc_column css=&#8221;.vc_custom_1553187027163{margin-bottom: 0px !important;padding-top: 0px !important;}&#8221;][vc_row_inner][vc_column_inner width=&#8221;1\/2&#8243;][vc_gallery interval=&#8221;3&#8243; images=&#8221;3355,3359,3361,3363,3365,3367,3369,3373,3375&#8243; img_size=&#8221;full&#8221;][\/vc_column_inner][vc_column_inner width=&#8221;1\/2&#8243;][vc_column_text] Cet h\u00e9bergement \u00e0 la d\u00e9coration moderne et contemporaine poss\u00e8de un acc\u00e8s direct \u00e0 la plage des Sables d&#8217;Or et tous ses commerces et restaurants. Il est id\u00e9alement situ\u00e9 \u00e0 Anglet, \u00e0 3,9 km de UPPA&hellip;\" \/>\n<meta property=\"og:url\" content=\"https:\/\/www.chambredhotesanglet.com\/beau-studio-a-la-plage-anglet\/\" \/>\n<meta property=\"og:site_name\" content=\"Maison d&#039;h\u00f4tes Anglet ETCHEBRI Pays Basque - Chambre d&#039;h\u00f4tes Chiberta\" \/>\n<meta property=\"article:modified_time\" content=\"2019-05-10T06:51:12+00:00\" \/>\n<meta name=\"twitter:card\" content=\"summary_large_image\" \/>\n<meta name=\"twitter:label1\" content=\"Est. reading time\" \/>\n\t<meta name=\"twitter:data1\" content=\"2 minutes\" \/>\n<script type=\"application\/ld+json\" class=\"yoast-schema-graph\">{\"@context\":\"https:\\\/\\\/schema.org\",\"@graph\":[{\"@type\":\"WebPage\",\"@id\":\"https:\\\/\\\/www.chambredhotesanglet.com\\\/beau-studio-a-la-plage-anglet\\\/\",\"url\":\"https:\\\/\\\/www.chambredhotesanglet.com\\\/beau-studio-a-la-plage-anglet\\\/\",\"name\":\"Beau Studio \u00e0 la Plage - Anglet pr\u00e8s de Biarritz | R\u00e9sidence Etchebri\",\"isPartOf\":{\"@id\":\"https:\\\/\\\/www.chambredhotesanglet.com\\\/#website\"},\"datePublished\":\"2019-05-03T10:32:52+00:00\",\"dateModified\":\"2019-05-10T06:51:12+00:00\",\"breadcrumb\":{\"@id\":\"https:\\\/\\\/www.chambredhotesanglet.com\\\/beau-studio-a-la-plage-anglet\\\/#breadcrumb\"},\"inLanguage\":\"en-US\",\"potentialAction\":[{\"@type\":\"ReadAction\",\"target\":[\"https:\\\/\\\/www.chambredhotesanglet.com\\\/beau-studio-a-la-plage-anglet\\\/\"]}]},{\"@type\":\"BreadcrumbList\",\"@id\":\"https:\\\/\\\/www.chambredhotesanglet.com\\\/beau-studio-a-la-plage-anglet\\\/#breadcrumb\",\"itemListElement\":[{\"@type\":\"ListItem\",\"position\":1,\"name\":\"Accueil\",\"item\":\"https:\\\/\\\/www.chambredhotesanglet.com\\\/\"},{\"@type\":\"ListItem\",\"position\":2,\"name\":\"Beau Studio \u00e0 la Plage &#8211; Anglet pr\u00e8s de Biarritz\"}]},{\"@type\":\"WebSite\",\"@id\":\"https:\\\/\\\/www.chambredhotesanglet.com\\\/#website\",\"url\":\"https:\\\/\\\/www.chambredhotesanglet.com\\\/\",\"name\":\"Maison d&#039;h\u00f4tes Anglet ETCHEBRI Pays Basque - Chambre d&#039;h\u00f4tes Chiberta\",\"description\":\"H\u00e9bergement Pays Basque, la Chambre d&#039;h\u00f4tes Etchebri se trouve dans le quartier de Chiberta \u00e0 Anglet, a proximit\u00e9 des golfs du Pays basque\",\"publisher\":{\"@id\":\"https:\\\/\\\/www.chambredhotesanglet.com\\\/#organization\"},\"potentialAction\":[{\"@type\":\"SearchAction\",\"target\":{\"@type\":\"EntryPoint\",\"urlTemplate\":\"https:\\\/\\\/www.chambredhotesanglet.com\\\/?s={search_term_string}\"},\"query-input\":{\"@type\":\"PropertyValueSpecification\",\"valueRequired\":true,\"valueName\":\"search_term_string\"}}],\"inLanguage\":\"en-US\"},{\"@type\":\"Organization\",\"@id\":\"https:\\\/\\\/www.chambredhotesanglet.com\\\/#organization\",\"name\":\"Villa Etchebri\",\"url\":\"https:\\\/\\\/www.chambredhotesanglet.com\\\/\",\"logo\":{\"@type\":\"ImageObject\",\"inLanguage\":\"en-US\",\"@id\":\"https:\\\/\\\/www.chambredhotesanglet.com\\\/#\\\/schema\\\/logo\\\/image\\\/\",\"url\":\"https:\\\/\\\/www.chambredhotesanglet.com\\\/wp-content\\\/uploads\\\/2022\\\/01\\\/Sans-titre-2.png\",\"contentUrl\":\"https:\\\/\\\/www.chambredhotesanglet.com\\\/wp-content\\\/uploads\\\/2022\\\/01\\\/Sans-titre-2.png\",\"width\":9503,\"height\":5741,\"caption\":\"Villa Etchebri\"},\"image\":{\"@id\":\"https:\\\/\\\/www.chambredhotesanglet.com\\\/#\\\/schema\\\/logo\\\/image\\\/\"},\"sameAs\":[\"https:\\\/\\\/www.instagram.com\\\/villaetchebri\\\/?hl=fr\"]}]}<\/script>\n<!-- \/ Yoast SEO plugin. -->","yoast_head_json":{"title":"Beau Studio \u00e0 la Plage - Anglet pr\u00e8s de Biarritz | R\u00e9sidence Etchebri","robots":{"index":"index","follow":"follow","max-snippet":"max-snippet:-1","max-image-preview":"max-image-preview:large","max-video-preview":"max-video-preview:-1"},"canonical":"https:\/\/www.chambredhotesanglet.com\/beau-studio-a-la-plage-anglet\/","og_locale":"en_US","og_type":"article","og_title":"Beau Studio \u00e0 la Plage - Anglet pr\u00e8s de Biarritz | R\u00e9sidence Etchebri","og_description":"[vc_row full_width=&#8221;stretch_row&#8221; css=&#8221;.vc_custom_1547372781338{border-bottom-width: 1px !important;border-bottom-color: #eeeeee !important;border-bottom-style: solid !important;}&#8221; el_class=&#8221;homepage-intro&#8221;][vc_column css=&#8221;.vc_custom_1553187027163{margin-bottom: 0px !important;padding-top: 0px !important;}&#8221;][vc_row_inner][vc_column_inner width=&#8221;1\/2&#8243;][vc_gallery interval=&#8221;3&#8243; images=&#8221;3355,3359,3361,3363,3365,3367,3369,3373,3375&#8243; img_size=&#8221;full&#8221;][\/vc_column_inner][vc_column_inner width=&#8221;1\/2&#8243;][vc_column_text] Cet h\u00e9bergement \u00e0 la d\u00e9coration moderne et contemporaine poss\u00e8de un acc\u00e8s direct \u00e0 la plage des Sables d&#8217;Or et tous ses commerces et restaurants. Il est id\u00e9alement situ\u00e9 \u00e0 Anglet, \u00e0 3,9 km de UPPA&hellip;","og_url":"https:\/\/www.chambredhotesanglet.com\/beau-studio-a-la-plage-anglet\/","og_site_name":"Maison d&#039;h\u00f4tes Anglet ETCHEBRI Pays Basque - Chambre d&#039;h\u00f4tes Chiberta","article_modified_time":"2019-05-10T06:51:12+00:00","twitter_card":"summary_large_image","twitter_misc":{"Est. reading time":"2 minutes"},"schema":{"@context":"https:\/\/schema.org","@graph":[{"@type":"WebPage","@id":"https:\/\/www.chambredhotesanglet.com\/beau-studio-a-la-plage-anglet\/","url":"https:\/\/www.chambredhotesanglet.com\/beau-studio-a-la-plage-anglet\/","name":"Beau Studio \u00e0 la Plage - Anglet pr\u00e8s de Biarritz | R\u00e9sidence Etchebri","isPartOf":{"@id":"https:\/\/www.chambredhotesanglet.com\/#website"},"datePublished":"2019-05-03T10:32:52+00:00","dateModified":"2019-05-10T06:51:12+00:00","breadcrumb":{"@id":"https:\/\/www.chambredhotesanglet.com\/beau-studio-a-la-plage-anglet\/#breadcrumb"},"inLanguage":"en-US","potentialAction":[{"@type":"ReadAction","target":["https:\/\/www.chambredhotesanglet.com\/beau-studio-a-la-plage-anglet\/"]}]},{"@type":"BreadcrumbList","@id":"https:\/\/www.chambredhotesanglet.com\/beau-studio-a-la-plage-anglet\/#breadcrumb","itemListElement":[{"@type":"ListItem","position":1,"name":"Accueil","item":"https:\/\/www.chambredhotesanglet.com\/"},{"@type":"ListItem","position":2,"name":"Beau Studio \u00e0 la Plage &#8211; Anglet pr\u00e8s de Biarritz"}]},{"@type":"WebSite","@id":"https:\/\/www.chambredhotesanglet.com\/#website","url":"https:\/\/www.chambredhotesanglet.com\/","name":"Maison d&#039;h\u00f4tes Anglet ETCHEBRI Pays Basque - Chambre d&#039;h\u00f4tes Chiberta","description":"H\u00e9bergement Pays Basque, la Chambre d&#039;h\u00f4tes Etchebri se trouve dans le quartier de Chiberta \u00e0 Anglet, a proximit\u00e9 des golfs du Pays basque","publisher":{"@id":"https:\/\/www.chambredhotesanglet.com\/#organization"},"potentialAction":[{"@type":"SearchAction","target":{"@type":"EntryPoint","urlTemplate":"https:\/\/www.chambredhotesanglet.com\/?s={search_term_string}"},"query-input":{"@type":"PropertyValueSpecification","valueRequired":true,"valueName":"search_term_string"}}],"inLanguage":"en-US"},{"@type":"Organization","@id":"https:\/\/www.chambredhotesanglet.com\/#organization","name":"Villa Etchebri","url":"https:\/\/www.chambredhotesanglet.com\/","logo":{"@type":"ImageObject","inLanguage":"en-US","@id":"https:\/\/www.chambredhotesanglet.com\/#\/schema\/logo\/image\/","url":"https:\/\/www.chambredhotesanglet.com\/wp-content\/uploads\/2022\/01\/Sans-titre-2.png","contentUrl":"https:\/\/www.chambredhotesanglet.com\/wp-content\/uploads\/2022\/01\/Sans-titre-2.png","width":9503,"height":5741,"caption":"Villa Etchebri"},"image":{"@id":"https:\/\/www.chambredhotesanglet.com\/#\/schema\/logo\/image\/"},"sameAs":["https:\/\/www.instagram.com\/villaetchebri\/?hl=fr"]}]}},"_links":{"self":[{"href":"https:\/\/www.chambredhotesanglet.com\/en\/wp-json\/wp\/v2\/pages\/3348\/"}],"collection":[{"href":"https:\/\/www.chambredhotesanglet.com\/en\/wp-json\/wp\/v2\/pages\/"}],"about":[{"href":"https:\/\/www.chambredhotesanglet.com\/en\/wp-json\/wp\/v2\/types\/page\/"}],"author":[{"embeddable":true,"href":"https:\/\/www.chambredhotesanglet.com\/en\/wp-json\/wp\/v2\/users\/1\/"}],"replies":[{"embeddable":true,"href":"https:\/\/www.chambredhotesanglet.com\/en\/wp-json\/wp\/v2\/comments\/?post=3348"}],"version-history":[{"count":2,"href":"https:\/\/www.chambredhotesanglet.com\/en\/wp-json\/wp\/v2\/pages\/3348\/revisions\/"}],"predecessor-version":[{"id":3475,"href":"https:\/\/www.chambredhotesanglet.com\/en\/wp-json\/wp\/v2\/pages\/3348\/revisions\/3475\/"}],"wp:attachment":[{"href":"https:\/\/www.chambredhotesanglet.com\/en\/wp-json\/wp\/v2\/media\/?parent=3348"}],"curies":[{"name":"wp","href":"https:\/\/api.w.org\/{rel}","templated":true}]}}